{"id":4411,"date":"2023-12-04T10:39:03","date_gmt":"2023-12-04T17:39:03","guid":{"rendered":"https:\/\/www.better-program.ca\/?page_id=4411"},"modified":"2025-04-24T14:29:34","modified_gmt":"2025-04-24T20:29:34","slug":"launching-the-program","status":"publish","type":"page","link":"https:\/\/www.better-program.ca\/fr\/launching-the-program\/","title":{"rendered":"Lancement du Programme"},"content":{"rendered":"<div id=\"page-header-block_56d76a2acc793113a106b370ba6c8e1c\" class=\"page-header block vert alignwide\">\n  <div class=\"page-header-content\">\n    <div class=\"page-header-content-wrapper\">\n            <h1>Lancement du Programme<\/h1>\n      <p>D\u00e9velopp\u00e9 pour les milieux de soins primaires, le Programme BETTER est une approche proactive de pr\u00e9vention et de d\u00e9pistage du cancer et des maladies chroniques qui peut \u00eatre adapt\u00e9e \u00e0 divers contextes, des cabinets individuels aux grandes \u00e9quipes multidisciplinaires, et fournit un cadre afin que les professionnels de la sant\u00e9 puissent unir leurs efforts afin d\u2019atteindre l\u2019objectif commun d\u2019am\u00e9liorer la pr\u00e9vention.<\/p>\n\n              <div class=\"page-header-links\">\n                      <a class=\"link__text \" href=\"#prevention-practitioner\" target=\"\">\n              Le professionnel en pr\u00e9vention            <\/a>\n                  <\/div>\n          <\/div>\n  <\/div>\n  <div class=\"page-header-image\">\n          <div class=\"mask\">\n        <img loading=\"lazy\" decoding=\"async\" width=\"2560\" height=\"1707\" src=\"https:\/\/www.better-program.ca\/wp-content\/uploads\/2019\/12\/smiling-nurse-closeup-scaled.jpg\" class=\"attachment-full size-full\" alt=\"\" srcset=\"https:\/\/www.better-program.ca\/wp-content\/uploads\/2019\/12\/smiling-nurse-closeup-scaled.jpg 2560w, https:\/\/www.better-program.ca\/wp-content\/uploads\/2019\/12\/smiling-nurse-closeup-300x200.jpg 300w, https:\/\/www.better-program.ca\/wp-content\/uploads\/2019\/12\/smiling-nurse-closeup-1024x683.jpg 1024w, https:\/\/www.better-program.ca\/wp-content\/uploads\/2019\/12\/smiling-nurse-closeup-768x512.jpg 768w, https:\/\/www.better-program.ca\/wp-content\/uploads\/2019\/12\/smiling-nurse-closeup-1536x1024.jpg 1536w, https:\/\/www.better-program.ca\/wp-content\/uploads\/2019\/12\/smiling-nurse-closeup-2048x1365.jpg 2048w\" sizes=\"auto, (max-width: 2560px) 100vw, 2560px\" \/>      <\/div>\n          <div class=\"swoop image-top-right\">\n  <svg width=\"271\" height=\"232\" viewBox=\"0 0 271 232\" version=\"1.1\" xmlns=\"http:\/\/www.w3.org\/2000\/svg\" xmlns:xlink=\"http:\/\/www.w3.org\/1999\/xlink\">\n    <g stroke=\"none\" stroke-width=\"1\" fill=\"none\" fill-rule=\"evenodd\">\n      <g transform=\"translate(-381.000000, -576.000000)\" class=\"shape red\" fill=\"#FED292\">\n        <g transform=\"translate(156.000000, 136.000000)\">\n          <path d=\"M265.557208,487.189506 C315.60114,420.53788 381.576801,439.743631 423.090827,453.878491 C540.604638,493.890678 492.777294,576.144665 440.87301,616.455285 C385.166388,659.723102 289.489434,696.122032 244.274497,649.549258 C221.913179,626.537872 208.331629,563.393447 265.557208,487.189506\"><\/path>\n        <\/g>\n      <\/g>\n    <\/g>\n  <\/svg>\n<\/div>\n<div class=\"swoop image-bottom-left\">\n  <svg width=\"271\" height=\"232\" viewBox=\"0 0 271 232\" version=\"1.1\" xmlns=\"http:\/\/www.w3.org\/2000\/svg\" xmlns:xlink=\"http:\/\/www.w3.org\/1999\/xlink\">\n    <g stroke=\"none\" stroke-width=\"1\" fill=\"none\" fill-rule=\"evenodd\">\n      <g transform=\"translate(-381.000000, -576.000000)\" class=\"shape blue\" fill=\"#FED292\">\n        <g transform=\"translate(156.000000, 136.000000)\">\n          <path d=\"M265.557208,487.189506 C315.60114,420.53788 381.576801,439.743631 423.090827,453.878491 C540.604638,493.890678 492.777294,576.144665 440.87301,616.455285 C385.166388,659.723102 289.489434,696.122032 244.274497,649.549258 C221.913179,626.537872 208.331629,563.393447 265.557208,487.189506\"><\/path>\n        <\/g>\n      <\/g>\n    <\/g>\n  <\/svg>\n<\/div>\n  <\/div>\n\n  <div class=\"swoop swoop-left\">\n  <svg width=\"271\" height=\"232\" viewBox=\"0 0 271 232\" version=\"1.1\" xmlns=\"http:\/\/www.w3.org\/2000\/svg\" xmlns:xlink=\"http:\/\/www.w3.org\/1999\/xlink\">\n    <g stroke=\"none\" stroke-width=\"1\" fill=\"none\" fill-rule=\"evenodd\">\n      <g transform=\"translate(-381.000000, -576.000000)\" class=\"shape yellow\" fill=\"#FED292\">\n        <g transform=\"translate(156.000000, 136.000000)\">\n          <path d=\"M265.557208,487.189506 C315.60114,420.53788 381.576801,439.743631 423.090827,453.878491 C540.604638,493.890678 492.777294,576.144665 440.87301,616.455285 C385.166388,659.723102 289.489434,696.122032 244.274497,649.549258 C221.913179,626.537872 208.331629,563.393447 265.557208,487.189506\"><\/path>\n        <\/g>\n      <\/g>\n    <\/g>\n  <\/svg>\n<\/div>\n  <div class=\"grey-bg\"><\/div>\n<\/div>\n\n\n\n<div class=\"block text-block\">\n<h4>L\u2019approche BETTER de pr\u00e9vention et de d\u00e9pistage des maladies chroniques transforme les pratiques cliniques en fournissant des outils bas\u00e9s sur des donn\u00e9es probantes et des ressources compl\u00e8tes pour traiter les causes premi\u00e8res de plusieurs maladies chroniques, dans une optique de pr\u00e9vention proactive plut\u00f4t que de simple gestion des maladies.<\/h4>\n<div class=\"two-column\"><div><p>Les professionnels de la sant\u00e9 de premi\u00e8re ligne tels que les infirmi\u00e8res, les nutritionnistes, les pharmaciens et les infirmi\u00e8res de la sant\u00e9 publique travaillent en collaboration avec les prestataires de soins primaires pour offrir les meilleurs soins possibles aux patients. Cependant, dans les syst\u00e8mes de sant\u00e9 o\u00f9 l\u2019accent est mis sur la gestion des maladies chroniques, il est souvent difficile pour les prestataires de soins primaires d\u2019aborder la pr\u00e9vention du cancer et des maladies chroniques de mani\u00e8re globale en raison d\u2019un manque de temps et de ressources.<\/p><p>Un professionnel de la sant\u00e9 qui est membre du cabinet ou li\u00e9 au cabinet devient votre \u00ab expert en pr\u00e9vention \u00bb ou professionnel en pr\u00e9vention BETTER\u2122. \u00c0 l\u2019aide des outils BETTER, qui s\u2019appuie sur les meilleures preuves cliniques existantes, le professionnel en pr\u00e9vention rencontre les patients individuellement, les informe quant \u00e0 leur risque de maladie chronique et \u00e9tablit les mesures de pr\u00e9vention et de d\u00e9pistage recommand\u00e9es en fonction de facteurs tels que les ant\u00e9c\u00e9dents m\u00e9dicaux, les ant\u00e9c\u00e9dents familiaux et les comportements li\u00e9s au mode de vie du patient. <\/p><\/div>\n<div><p>\u00c0 travers une prise de d\u00e9cision partag\u00e9e et des objectifs S.M.A.R.T. (sp\u00e9cifique, mesurable, atteignable, r\u00e9aliste, temporellement d\u00e9fini), le professionnel en pr\u00e9vention d\u00e9veloppe une \u00ab ordonnance de pr\u00e9vention \u00bb unique et personnalis\u00e9e en fonction du risque de maladie chronique pour chaque patient. Des liens avec d\u2019autres professionnels de la sant\u00e9, pratiques et ressources communautaires peuvent \u00eatre \u00e9tablis pour aider les patients \u00e0 atteindre leurs objectifs de sant\u00e9.<\/p><p>La communication entre les professionnels en pr\u00e9vention et les prestataires de soins primaires est essentielle \u00e0 cette approche puisque les patients sont renvoy\u00e9s \u00e0 leur prestataire de soins primaires au besoin, si un risque particuli\u00e8rement \u00e9lev\u00e9 est identifi\u00e9 (par ex. parent au premier degr\u00e9 avec mutation g\u00e9n\u00e9tique) ou lorsqu\u2019un suivi est n\u00e9cessaire (par ex. taux de glyc\u00e9mie \u00e9lev\u00e9). L\u2019ordonnance de pr\u00e9vention fait \u00e9galement partie int\u00e9grale du dossier du patient et procure des renseignements quant aux soins cliniques continus du patient.<\/p><\/div><\/div>\n<\/div>\n\n\n<div id=\"quote-slider-block_e5ab192c170e2e44c79c4d108e5f28cd\" class=\"block quote-slider alignwide\">\n        <div class=\"quote-mark\"><\/div>\n\t\t<div class=\"slides\">\n\t\t\t\t\t\t\t<div>\n          <h5>\u00ab Je crois qu\u2019une communication continue avec le m\u00e9decin traitant (ou autre prestataire de soins primaires, selon le milieu clinique) [is] [est] la cl\u00e9 du succ\u00e8s du programme, car le professionnel en pr\u00e9vention et le m\u00e9decin doivent \u00eatre sur la \u00ab\u00a0m\u00eame longueur d\u2019onde\u00a0\u00bb pour que le patient continue \u00e0 se fixer des objectifs de sant\u00e9 et \u00e0 maintenir des comportements sains. \u00bb <\/h5>\n          <h5 class=\"name red\">Dawn Gallant Infirmi\u00e8re autoris\u00e9e, Professionnelle en pr\u00e9vention<\/h5>\n\t\t\t\t<\/div>\n\t\t\t    <\/div>\n\t<\/div>\n\n\n<div id=\"media-block-block_377701f466caeb845c2e4f456f644f03\" class=\"media-block block alignwide\">\n  <div class=\"media-block-content\">\n    \n    <h1>Le professionnel en pr\u00e9vention BETTER\u2122 <a class=\"anchor-top\"  name=\"prevention-practitioner\"><\/a><\/h1>\n    <p>Un professionnel en pr\u00e9vention BETTER\u2122 est une personne identifi\u00e9e par un milieu de soins primaires qui, inform\u00e9e par l\u2019approche BETTER, devient une ressource de pr\u00e9vention et de d\u00e9pistage du cancer et des maladies chroniques dans son milieu. \u00c0 l\u2019aide des outils BETTER, les professionnels en pr\u00e9vention sont en mesure d\u2019amener les patients \u00e0 jouer un r\u00f4le actif vis-\u00e0-vis leurs soins de sant\u00e9 et de cr\u00e9er avec eux un plan de pr\u00e9vention personnalis\u00e9 qui les relie aux ressources de leur communaut\u00e9.<\/p>\n\n      <\/div>\n  <div class=\"media-block-image\">\n    <div class=\"mask\">\n      <img loading=\"lazy\" decoding=\"async\" width=\"2560\" height=\"1707\" src=\"https:\/\/www.better-program.ca\/wp-content\/uploads\/2019\/12\/shutterstock_317585807-scaled.jpg\" class=\"attachment-full size-full\" alt=\"\" srcset=\"https:\/\/www.better-program.ca\/wp-content\/uploads\/2019\/12\/shutterstock_317585807-scaled.jpg 2560w, https:\/\/www.better-program.ca\/wp-content\/uploads\/2019\/12\/shutterstock_317585807-300x200.jpg 300w, https:\/\/www.better-program.ca\/wp-content\/uploads\/2019\/12\/shutterstock_317585807-1024x683.jpg 1024w, https:\/\/www.better-program.ca\/wp-content\/uploads\/2019\/12\/shutterstock_317585807-768x512.jpg 768w, https:\/\/www.better-program.ca\/wp-content\/uploads\/2019\/12\/shutterstock_317585807-1536x1024.jpg 1536w, https:\/\/www.better-program.ca\/wp-content\/uploads\/2019\/12\/shutterstock_317585807-2048x1365.jpg 2048w\" sizes=\"auto, (max-width: 2560px) 100vw, 2560px\" \/>    <\/div>\n    <div class=\"swoop image-top-right\">\n  <svg width=\"271\" height=\"232\" viewBox=\"0 0 271 232\" version=\"1.1\" xmlns=\"http:\/\/www.w3.org\/2000\/svg\" xmlns:xlink=\"http:\/\/www.w3.org\/1999\/xlink\">\n    <g stroke=\"none\" stroke-width=\"1\" fill=\"none\" fill-rule=\"evenodd\">\n      <g transform=\"translate(-381.000000, -576.000000)\" class=\"shape red\" fill=\"#FED292\">\n        <g transform=\"translate(156.000000, 136.000000)\">\n          <path d=\"M265.557208,487.189506 C315.60114,420.53788 381.576801,439.743631 423.090827,453.878491 C540.604638,493.890678 492.777294,576.144665 440.87301,616.455285 C385.166388,659.723102 289.489434,696.122032 244.274497,649.549258 C221.913179,626.537872 208.331629,563.393447 265.557208,487.189506\"><\/path>\n        <\/g>\n      <\/g>\n    <\/g>\n  <\/svg>\n<\/div>\n<div class=\"swoop image-bottom-left\">\n  <svg width=\"271\" height=\"232\" viewBox=\"0 0 271 232\" version=\"1.1\" xmlns=\"http:\/\/www.w3.org\/2000\/svg\" xmlns:xlink=\"http:\/\/www.w3.org\/1999\/xlink\">\n    <g stroke=\"none\" stroke-width=\"1\" fill=\"none\" fill-rule=\"evenodd\">\n      <g transform=\"translate(-381.000000, -576.000000)\" class=\"shape yellow\" fill=\"#FED292\">\n        <g transform=\"translate(156.000000, 136.000000)\">\n          <path d=\"M265.557208,487.189506 C315.60114,420.53788 381.576801,439.743631 423.090827,453.878491 C540.604638,493.890678 492.777294,576.144665 440.87301,616.455285 C385.166388,659.723102 289.489434,696.122032 244.274497,649.549258 C221.913179,626.537872 208.331629,563.393447 265.557208,487.189506\"><\/path>\n        <\/g>\n      <\/g>\n    <\/g>\n  <\/svg>\n<\/div>\n  <\/div>\n\n    <\/div>\n","protected":false},"excerpt":{"rendered":"<p>L\u2019approche BETTER de pr\u00e9vention et de d\u00e9pistage des maladies chroniques transforme les pratiques cliniques en fournissant des outils bas\u00e9s sur des donn\u00e9es probantes et des ressources compl\u00e8tes pour traiter les causes premi\u00e8res de plusieurs maladies chroniques, dans une optique de pr\u00e9vention proactive plut\u00f4t que de simple gestion des maladies. Les professionnels de la sant\u00e9 de [&hellip;]<\/p>\n","protected":false},"author":1,"featured_media":0,"parent":0,"menu_order":0,"comment_status":"closed","ping_status":"closed","template":"","meta":{"footnotes":""},"class_list":["post-4411","page","type-page","status-publish","hentry"],"acf":[],"yoast_head":"<!-- This site is optimized with the Yoast SEO plugin v27.4 - https:\/\/yoast.com\/product\/yoast-seo-wordpress\/ -->\n<title>Lancement du Programme - The Better Program<\/title>\n<meta name=\"robots\" content=\"index, follow, max-snippet:-1, max-image-preview:large, max-video-preview:-1\" \/>\n<link rel=\"canonical\" href=\"https:\/\/www.better-program.ca\/fr\/launching-the-program\/\" \/>\n<meta property=\"og:locale\" content=\"fr_FR\" \/>\n<meta property=\"og:type\" content=\"article\" \/>\n<meta property=\"og:title\" content=\"Lancement du Programme - The Better Program\" \/>\n<meta property=\"og:description\" content=\"L\u2019approche BETTER de pr\u00e9vention et de d\u00e9pistage des maladies chroniques transforme les pratiques cliniques en fournissant des outils bas\u00e9s sur des donn\u00e9es probantes et des ressources compl\u00e8tes pour traiter les causes premi\u00e8res de plusieurs maladies chroniques, dans une optique de pr\u00e9vention proactive plut\u00f4t que de simple gestion des maladies. Les professionnels de la sant\u00e9 de [&hellip;]\" \/>\n<meta property=\"og:url\" content=\"https:\/\/www.better-program.ca\/fr\/launching-the-program\/\" \/>\n<meta property=\"og:site_name\" content=\"The Better Program\" \/>\n<meta property=\"article:modified_time\" content=\"2025-04-24T20:29:34+00:00\" \/>\n<meta property=\"og:image\" content=\"https:\/\/www.better-program.ca\/wp-content\/uploads\/2020\/04\/home-header-1.jpg\" \/>\n\t<meta property=\"og:image:width\" content=\"1200\" \/>\n\t<meta property=\"og:image:height\" content=\"800\" \/>\n\t<meta property=\"og:image:type\" content=\"image\/jpeg\" \/>\n<meta name=\"twitter:card\" content=\"summary_large_image\" \/>\n<meta name=\"twitter:label1\" content=\"Dur\u00e9e de lecture estim\u00e9e\" \/>\n\t<meta name=\"twitter:data1\" content=\"2 minutes\" \/>\n<script type=\"application\/ld+json\" class=\"yoast-schema-graph\">{\"@context\":\"https:\\\/\\\/schema.org\",\"@graph\":[{\"@type\":\"WebPage\",\"@id\":\"https:\\\/\\\/www.better-program.ca\\\/fr\\\/launching-the-program\\\/\",\"url\":\"https:\\\/\\\/www.better-program.ca\\\/fr\\\/launching-the-program\\\/\",\"name\":\"Lancement du Programme - The Better Program\",\"isPartOf\":{\"@id\":\"https:\\\/\\\/www.better-program.ca\\\/#website\"},\"datePublished\":\"2023-12-04T17:39:03+00:00\",\"dateModified\":\"2025-04-24T20:29:34+00:00\",\"breadcrumb\":{\"@id\":\"https:\\\/\\\/www.better-program.ca\\\/fr\\\/launching-the-program\\\/#breadcrumb\"},\"inLanguage\":\"fr-FR\",\"potentialAction\":[{\"@type\":\"ReadAction\",\"target\":[\"https:\\\/\\\/www.better-program.ca\\\/fr\\\/launching-the-program\\\/\"]}]},{\"@type\":\"BreadcrumbList\",\"@id\":\"https:\\\/\\\/www.better-program.ca\\\/fr\\\/launching-the-program\\\/#breadcrumb\",\"itemListElement\":[{\"@type\":\"ListItem\",\"position\":1,\"name\":\"Home\",\"item\":\"https:\\\/\\\/www.better-program.ca\\\/fr\\\/\"},{\"@type\":\"ListItem\",\"position\":2,\"name\":\"Lancement du Programme\"}]},{\"@type\":\"WebSite\",\"@id\":\"https:\\\/\\\/www.better-program.ca\\\/#website\",\"url\":\"https:\\\/\\\/www.better-program.ca\\\/\",\"name\":\"The Better Program\",\"description\":\"Improving Chronic Disease Prevention and Screening Across Canada\",\"publisher\":{\"@id\":\"https:\\\/\\\/www.better-program.ca\\\/#organization\"},\"potentialAction\":[{\"@type\":\"SearchAction\",\"target\":{\"@type\":\"EntryPoint\",\"urlTemplate\":\"https:\\\/\\\/www.better-program.ca\\\/?s={search_term_string}\"},\"query-input\":{\"@type\":\"PropertyValueSpecification\",\"valueRequired\":true,\"valueName\":\"search_term_string\"}}],\"inLanguage\":\"fr-FR\"},{\"@type\":\"Organization\",\"@id\":\"https:\\\/\\\/www.better-program.ca\\\/#organization\",\"name\":\"The BETTER Program\",\"url\":\"https:\\\/\\\/www.better-program.ca\\\/\",\"logo\":{\"@type\":\"ImageObject\",\"inLanguage\":\"fr-FR\",\"@id\":\"https:\\\/\\\/www.better-program.ca\\\/#\\\/schema\\\/logo\\\/image\\\/\",\"url\":\"https:\\\/\\\/better-program.ca\\\/wp-content\\\/uploads\\\/2019\\\/12\\\/better-logo.png\",\"contentUrl\":\"https:\\\/\\\/better-program.ca\\\/wp-content\\\/uploads\\\/2019\\\/12\\\/better-logo.png\",\"width\":432,\"height\":144,\"caption\":\"The BETTER Program\"},\"image\":{\"@id\":\"https:\\\/\\\/www.better-program.ca\\\/#\\\/schema\\\/logo\\\/image\\\/\"}}]}<\/script>\n<!-- \/ Yoast SEO plugin. -->","yoast_head_json":{"title":"Lancement du Programme - The Better Program","robots":{"index":"index","follow":"follow","max-snippet":"max-snippet:-1","max-image-preview":"max-image-preview:large","max-video-preview":"max-video-preview:-1"},"canonical":"https:\/\/www.better-program.ca\/fr\/launching-the-program\/","og_locale":"fr_FR","og_type":"article","og_title":"Lancement du Programme - The Better Program","og_description":"L\u2019approche BETTER de pr\u00e9vention et de d\u00e9pistage des maladies chroniques transforme les pratiques cliniques en fournissant des outils bas\u00e9s sur des donn\u00e9es probantes et des ressources compl\u00e8tes pour traiter les causes premi\u00e8res de plusieurs maladies chroniques, dans une optique de pr\u00e9vention proactive plut\u00f4t que de simple gestion des maladies. Les professionnels de la sant\u00e9 de [&hellip;]","og_url":"https:\/\/www.better-program.ca\/fr\/launching-the-program\/","og_site_name":"The Better Program","article_modified_time":"2025-04-24T20:29:34+00:00","og_image":[{"width":1200,"height":800,"url":"https:\/\/www.better-program.ca\/wp-content\/uploads\/2020\/04\/home-header-1.jpg","type":"image\/jpeg"}],"twitter_card":"summary_large_image","twitter_misc":{"Dur\u00e9e de lecture estim\u00e9e":"2 minutes"},"schema":{"@context":"https:\/\/schema.org","@graph":[{"@type":"WebPage","@id":"https:\/\/www.better-program.ca\/fr\/launching-the-program\/","url":"https:\/\/www.better-program.ca\/fr\/launching-the-program\/","name":"Lancement du Programme - The Better Program","isPartOf":{"@id":"https:\/\/www.better-program.ca\/#website"},"datePublished":"2023-12-04T17:39:03+00:00","dateModified":"2025-04-24T20:29:34+00:00","breadcrumb":{"@id":"https:\/\/www.better-program.ca\/fr\/launching-the-program\/#breadcrumb"},"inLanguage":"fr-FR","potentialAction":[{"@type":"ReadAction","target":["https:\/\/www.better-program.ca\/fr\/launching-the-program\/"]}]},{"@type":"BreadcrumbList","@id":"https:\/\/www.better-program.ca\/fr\/launching-the-program\/#breadcrumb","itemListElement":[{"@type":"ListItem","position":1,"name":"Home","item":"https:\/\/www.better-program.ca\/fr\/"},{"@type":"ListItem","position":2,"name":"Lancement du Programme"}]},{"@type":"WebSite","@id":"https:\/\/www.better-program.ca\/#website","url":"https:\/\/www.better-program.ca\/","name":"The Better Program","description":"Improving Chronic Disease Prevention and Screening Across Canada","publisher":{"@id":"https:\/\/www.better-program.ca\/#organization"},"potentialAction":[{"@type":"SearchAction","target":{"@type":"EntryPoint","urlTemplate":"https:\/\/www.better-program.ca\/?s={search_term_string}"},"query-input":{"@type":"PropertyValueSpecification","valueRequired":true,"valueName":"search_term_string"}}],"inLanguage":"fr-FR"},{"@type":"Organization","@id":"https:\/\/www.better-program.ca\/#organization","name":"The BETTER Program","url":"https:\/\/www.better-program.ca\/","logo":{"@type":"ImageObject","inLanguage":"fr-FR","@id":"https:\/\/www.better-program.ca\/#\/schema\/logo\/image\/","url":"https:\/\/better-program.ca\/wp-content\/uploads\/2019\/12\/better-logo.png","contentUrl":"https:\/\/better-program.ca\/wp-content\/uploads\/2019\/12\/better-logo.png","width":432,"height":144,"caption":"The BETTER Program"},"image":{"@id":"https:\/\/www.better-program.ca\/#\/schema\/logo\/image\/"}}]}},"_links":{"self":[{"href":"https:\/\/www.better-program.ca\/fr\/wp-json\/wp\/v2\/pages\/4411","targetHints":{"allow":["GET"]}}],"collection":[{"href":"https:\/\/www.better-program.ca\/fr\/wp-json\/wp\/v2\/pages"}],"about":[{"href":"https:\/\/www.better-program.ca\/fr\/wp-json\/wp\/v2\/types\/page"}],"author":[{"embeddable":true,"href":"https:\/\/www.better-program.ca\/fr\/wp-json\/wp\/v2\/users\/1"}],"replies":[{"embeddable":true,"href":"https:\/\/www.better-program.ca\/fr\/wp-json\/wp\/v2\/comments?post=4411"}],"version-history":[{"count":32,"href":"https:\/\/www.better-program.ca\/fr\/wp-json\/wp\/v2\/pages\/4411\/revisions"}],"predecessor-version":[{"id":4872,"href":"https:\/\/www.better-program.ca\/fr\/wp-json\/wp\/v2\/pages\/4411\/revisions\/4872"}],"wp:attachment":[{"href":"https:\/\/www.better-program.ca\/fr\/wp-json\/wp\/v2\/media?parent=4411"}],"curies":[{"name":"wp","href":"https:\/\/api.w.org\/{rel}","templated":true}]}}