{"id":1676,"date":"2020-04-05T23:08:55","date_gmt":"2020-04-06T06:08:55","guid":{"rendered":"http:\/\/monvisitebetter.ca\/ressources\/"},"modified":"2020-07-09T07:32:11","modified_gmt":"2020-07-09T14:32:11","slug":"resources","status":"publish","type":"page","link":"https:\/\/www.better-program.ca\/fr\/the-program\/resources\/","title":{"rendered":"Ressources"},"content":{"rendered":"\n<div class=\"text-block block\">\n<h1>Ressources<\/h1>\n<p>\u00c9labor\u00e9es ou identifi\u00e9es par le Groupe de travail clinique et la Coalition BETTER, les ressources suivantes sont incluses dans la trousse d\u2019outils BETTER dans l\u2019espoir qu\u2019elles appuieront et faciliteront les milieux de pratique des soins primaires, les cliniciens et les patients dans leurs efforts de pr\u00e9vention et de d\u00e9pistage des maladies chroniques.<\/p>\n<\/div>\n","protected":false},"excerpt":{"rendered":"<p>Ressources \u00c9labor\u00e9es ou identifi\u00e9es par le Groupe de travail clinique et la Coalition BETTER, les ressources suivantes sont incluses dans la trousse d\u2019outils BETTER dans l\u2019espoir qu\u2019elles appuieront et faciliteront les milieux de pratique des soins primaires, les cliniciens et les patients dans leurs efforts de pr\u00e9vention et de d\u00e9pistage des maladies chroniques.<\/p>\n","protected":false},"author":1,"featured_media":0,"parent":161,"menu_order":0,"comment_status":"closed","ping_status":"closed","template":"resources.php","meta":{"footnotes":""},"class_list":["post-1676","page","type-page","status-publish","hentry"],"acf":[],"yoast_head":"<!-- This site is optimized with the Yoast SEO plugin v27.5 - https:\/\/yoast.com\/product\/yoast-seo-wordpress\/ -->\n<title>Ressources - The Better Program<\/title>\n<meta name=\"robots\" content=\"index, follow, max-snippet:-1, max-image-preview:large, max-video-preview:-1\" \/>\n<link rel=\"canonical\" href=\"https:\/\/www.better-program.ca\/fr\/the-program\/resources\/\" \/>\n<meta property=\"og:locale\" content=\"fr_FR\" \/>\n<meta property=\"og:type\" content=\"article\" \/>\n<meta property=\"og:title\" content=\"Ressources - The Better Program\" \/>\n<meta property=\"og:description\" content=\"Ressources \u00c9labor\u00e9es ou identifi\u00e9es par le Groupe de travail clinique et la Coalition BETTER, les ressources suivantes sont incluses dans la trousse d\u2019outils BETTER dans l\u2019espoir qu\u2019elles appuieront et faciliteront les milieux de pratique des soins primaires, les cliniciens et les patients dans leurs efforts de pr\u00e9vention et de d\u00e9pistage des maladies chroniques.\" \/>\n<meta property=\"og:url\" content=\"https:\/\/www.better-program.ca\/fr\/the-program\/resources\/\" \/>\n<meta property=\"og:site_name\" content=\"The Better Program\" \/>\n<meta property=\"article:modified_time\" content=\"2020-07-09T14:32:11+00:00\" \/>\n<meta property=\"og:image\" content=\"https:\/\/www.better-program.ca\/wp-content\/uploads\/2020\/04\/home-header-1.jpg\" \/>\n\t<meta property=\"og:image:width\" content=\"1200\" \/>\n\t<meta property=\"og:image:height\" content=\"800\" \/>\n\t<meta property=\"og:image:type\" content=\"image\/jpeg\" \/>\n<meta name=\"twitter:card\" content=\"summary_large_image\" \/>\n<script type=\"application\/ld+json\" class=\"yoast-schema-graph\">{\"@context\":\"https:\\\/\\\/schema.org\",\"@graph\":[{\"@type\":\"WebPage\",\"@id\":\"https:\\\/\\\/www.better-program.ca\\\/fr\\\/the-program\\\/resources\\\/\",\"url\":\"https:\\\/\\\/www.better-program.ca\\\/fr\\\/the-program\\\/resources\\\/\",\"name\":\"Ressources - The Better Program\",\"isPartOf\":{\"@id\":\"https:\\\/\\\/www.better-program.ca\\\/#website\"},\"datePublished\":\"2020-04-06T06:08:55+00:00\",\"dateModified\":\"2020-07-09T14:32:11+00:00\",\"breadcrumb\":{\"@id\":\"https:\\\/\\\/www.better-program.ca\\\/fr\\\/the-program\\\/resources\\\/#breadcrumb\"},\"inLanguage\":\"fr-FR\",\"potentialAction\":[{\"@type\":\"ReadAction\",\"target\":[\"https:\\\/\\\/www.better-program.ca\\\/fr\\\/the-program\\\/resources\\\/\"]}]},{\"@type\":\"BreadcrumbList\",\"@id\":\"https:\\\/\\\/www.better-program.ca\\\/fr\\\/the-program\\\/resources\\\/#breadcrumb\",\"itemListElement\":[{\"@type\":\"ListItem\",\"position\":1,\"name\":\"Home\",\"item\":\"https:\\\/\\\/www.better-program.ca\\\/fr\\\/\"},{\"@type\":\"ListItem\",\"position\":2,\"name\":\"The Program\",\"item\":\"https:\\\/\\\/www.better-program.ca\\\/the-program\\\/\"},{\"@type\":\"ListItem\",\"position\":3,\"name\":\"Ressources\"}]},{\"@type\":\"WebSite\",\"@id\":\"https:\\\/\\\/www.better-program.ca\\\/#website\",\"url\":\"https:\\\/\\\/www.better-program.ca\\\/\",\"name\":\"The Better Program\",\"description\":\"Improving Chronic Disease Prevention and Screening Across Canada\",\"publisher\":{\"@id\":\"https:\\\/\\\/www.better-program.ca\\\/#organization\"},\"potentialAction\":[{\"@type\":\"SearchAction\",\"target\":{\"@type\":\"EntryPoint\",\"urlTemplate\":\"https:\\\/\\\/www.better-program.ca\\\/?s={search_term_string}\"},\"query-input\":{\"@type\":\"PropertyValueSpecification\",\"valueRequired\":true,\"valueName\":\"search_term_string\"}}],\"inLanguage\":\"fr-FR\"},{\"@type\":\"Organization\",\"@id\":\"https:\\\/\\\/www.better-program.ca\\\/#organization\",\"name\":\"The BETTER Program\",\"url\":\"https:\\\/\\\/www.better-program.ca\\\/\",\"logo\":{\"@type\":\"ImageObject\",\"inLanguage\":\"fr-FR\",\"@id\":\"https:\\\/\\\/www.better-program.ca\\\/#\\\/schema\\\/logo\\\/image\\\/\",\"url\":\"https:\\\/\\\/better-program.ca\\\/wp-content\\\/uploads\\\/2019\\\/12\\\/better-logo.png\",\"contentUrl\":\"https:\\\/\\\/better-program.ca\\\/wp-content\\\/uploads\\\/2019\\\/12\\\/better-logo.png\",\"width\":432,\"height\":144,\"caption\":\"The BETTER Program\"},\"image\":{\"@id\":\"https:\\\/\\\/www.better-program.ca\\\/#\\\/schema\\\/logo\\\/image\\\/\"}}]}<\/script>\n<!-- \/ Yoast SEO plugin. -->","yoast_head_json":{"title":"Ressources - The Better Program","robots":{"index":"index","follow":"follow","max-snippet":"max-snippet:-1","max-image-preview":"max-image-preview:large","max-video-preview":"max-video-preview:-1"},"canonical":"https:\/\/www.better-program.ca\/fr\/the-program\/resources\/","og_locale":"fr_FR","og_type":"article","og_title":"Ressources - The Better Program","og_description":"Ressources \u00c9labor\u00e9es ou identifi\u00e9es par le Groupe de travail clinique et la Coalition BETTER, les ressources suivantes sont incluses dans la trousse d\u2019outils BETTER dans l\u2019espoir qu\u2019elles appuieront et faciliteront les milieux de pratique des soins primaires, les cliniciens et les patients dans leurs efforts de pr\u00e9vention et de d\u00e9pistage des maladies chroniques.","og_url":"https:\/\/www.better-program.ca\/fr\/the-program\/resources\/","og_site_name":"The Better Program","article_modified_time":"2020-07-09T14:32:11+00:00","og_image":[{"width":1200,"height":800,"url":"https:\/\/www.better-program.ca\/wp-content\/uploads\/2020\/04\/home-header-1.jpg","type":"image\/jpeg"}],"twitter_card":"summary_large_image","schema":{"@context":"https:\/\/schema.org","@graph":[{"@type":"WebPage","@id":"https:\/\/www.better-program.ca\/fr\/the-program\/resources\/","url":"https:\/\/www.better-program.ca\/fr\/the-program\/resources\/","name":"Ressources - The Better Program","isPartOf":{"@id":"https:\/\/www.better-program.ca\/#website"},"datePublished":"2020-04-06T06:08:55+00:00","dateModified":"2020-07-09T14:32:11+00:00","breadcrumb":{"@id":"https:\/\/www.better-program.ca\/fr\/the-program\/resources\/#breadcrumb"},"inLanguage":"fr-FR","potentialAction":[{"@type":"ReadAction","target":["https:\/\/www.better-program.ca\/fr\/the-program\/resources\/"]}]},{"@type":"BreadcrumbList","@id":"https:\/\/www.better-program.ca\/fr\/the-program\/resources\/#breadcrumb","itemListElement":[{"@type":"ListItem","position":1,"name":"Home","item":"https:\/\/www.better-program.ca\/fr\/"},{"@type":"ListItem","position":2,"name":"The Program","item":"https:\/\/www.better-program.ca\/the-program\/"},{"@type":"ListItem","position":3,"name":"Ressources"}]},{"@type":"WebSite","@id":"https:\/\/www.better-program.ca\/#website","url":"https:\/\/www.better-program.ca\/","name":"The Better Program","description":"Improving Chronic Disease Prevention and Screening Across Canada","publisher":{"@id":"https:\/\/www.better-program.ca\/#organization"},"potentialAction":[{"@type":"SearchAction","target":{"@type":"EntryPoint","urlTemplate":"https:\/\/www.better-program.ca\/?s={search_term_string}"},"query-input":{"@type":"PropertyValueSpecification","valueRequired":true,"valueName":"search_term_string"}}],"inLanguage":"fr-FR"},{"@type":"Organization","@id":"https:\/\/www.better-program.ca\/#organization","name":"The BETTER Program","url":"https:\/\/www.better-program.ca\/","logo":{"@type":"ImageObject","inLanguage":"fr-FR","@id":"https:\/\/www.better-program.ca\/#\/schema\/logo\/image\/","url":"https:\/\/better-program.ca\/wp-content\/uploads\/2019\/12\/better-logo.png","contentUrl":"https:\/\/better-program.ca\/wp-content\/uploads\/2019\/12\/better-logo.png","width":432,"height":144,"caption":"The BETTER Program"},"image":{"@id":"https:\/\/www.better-program.ca\/#\/schema\/logo\/image\/"}}]}},"_links":{"self":[{"href":"https:\/\/www.better-program.ca\/fr\/wp-json\/wp\/v2\/pages\/1676","targetHints":{"allow":["GET"]}}],"collection":[{"href":"https:\/\/www.better-program.ca\/fr\/wp-json\/wp\/v2\/pages"}],"about":[{"href":"https:\/\/www.better-program.ca\/fr\/wp-json\/wp\/v2\/types\/page"}],"author":[{"embeddable":true,"href":"https:\/\/www.better-program.ca\/fr\/wp-json\/wp\/v2\/users\/1"}],"replies":[{"embeddable":true,"href":"https:\/\/www.better-program.ca\/fr\/wp-json\/wp\/v2\/comments?post=1676"}],"version-history":[{"count":5,"href":"https:\/\/www.better-program.ca\/fr\/wp-json\/wp\/v2\/pages\/1676\/revisions"}],"predecessor-version":[{"id":2035,"href":"https:\/\/www.better-program.ca\/fr\/wp-json\/wp\/v2\/pages\/1676\/revisions\/2035"}],"up":[{"embeddable":true,"href":"https:\/\/www.better-program.ca\/fr\/wp-json\/wp\/v2\/pages\/161"}],"wp:attachment":[{"href":"https:\/\/www.better-program.ca\/fr\/wp-json\/wp\/v2\/media?parent=1676"}],"curies":[{"name":"wp","href":"https:\/\/api.w.org\/{rel}","templated":true}]}}