{"id":1663,"date":"2020-04-05T22:37:28","date_gmt":"2020-04-06T05:37:28","guid":{"rendered":"http:\/\/monvisitebetter.ca\/contactez-nous\/"},"modified":"2025-04-30T15:16:33","modified_gmt":"2025-04-30T21:16:33","slug":"contact","status":"publish","type":"page","link":"https:\/\/www.better-program.ca\/fr\/contact\/","title":{"rendered":"Contactez-Nous"},"content":{"rendered":"<div id=\"page-header-block_64e7ca8f95afbebcc162278e85bbac46\" class=\"page-header block alignwide\">\n  <div class=\"page-header-content\">\n    <div class=\"page-header-content-wrapper\">\n            <h1>Nous joindre<\/h1>\n      \n          <\/div>\n  <\/div>\n  <div class=\"page-header-image\">\n          <div class=\"mask\">\n        <img loading=\"lazy\" decoding=\"async\" width=\"2278\" height=\"1744\" src=\"https:\/\/www.better-program.ca\/wp-content\/uploads\/2020\/03\/better-assets-e1745442623336.png\" class=\"attachment-full size-full\" alt=\"\" \/>      <\/div>\n          <div class=\"swoop image-bottom-right\">\n  <svg width=\"271\" height=\"232\" viewBox=\"0 0 271 232\" version=\"1.1\" xmlns=\"http:\/\/www.w3.org\/2000\/svg\" xmlns:xlink=\"http:\/\/www.w3.org\/1999\/xlink\">\n    <g stroke=\"none\" stroke-width=\"1\" fill=\"none\" fill-rule=\"evenodd\">\n      <g transform=\"translate(-381.000000, -576.000000)\" class=\"shape blue\" fill=\"#FED292\">\n        <g transform=\"translate(156.000000, 136.000000)\">\n          <path d=\"M265.557208,487.189506 C315.60114,420.53788 381.576801,439.743631 423.090827,453.878491 C540.604638,493.890678 492.777294,576.144665 440.87301,616.455285 C385.166388,659.723102 289.489434,696.122032 244.274497,649.549258 C221.913179,626.537872 208.331629,563.393447 265.557208,487.189506\"><\/path>\n        <\/g>\n      <\/g>\n    <\/g>\n  <\/svg>\n<\/div>\n  <\/div>\n\n  <div class=\"swoop swoop-left\">\n  <svg width=\"271\" height=\"232\" viewBox=\"0 0 271 232\" version=\"1.1\" xmlns=\"http:\/\/www.w3.org\/2000\/svg\" xmlns:xlink=\"http:\/\/www.w3.org\/1999\/xlink\">\n    <g stroke=\"none\" stroke-width=\"1\" fill=\"none\" fill-rule=\"evenodd\">\n      <g transform=\"translate(-381.000000, -576.000000)\" class=\"shape yellow\" fill=\"#FED292\">\n        <g transform=\"translate(156.000000, 136.000000)\">\n          <path d=\"M265.557208,487.189506 C315.60114,420.53788 381.576801,439.743631 423.090827,453.878491 C540.604638,493.890678 492.777294,576.144665 440.87301,616.455285 C385.166388,659.723102 289.489434,696.122032 244.274497,649.549258 C221.913179,626.537872 208.331629,563.393447 265.557208,487.189506\"><\/path>\n        <\/g>\n      <\/g>\n    <\/g>\n  <\/svg>\n<\/div>\n<div class=\"swoop swoop-right\">\n  <svg width=\"271\" height=\"232\" viewBox=\"0 0 271 232\" version=\"1.1\" xmlns=\"http:\/\/www.w3.org\/2000\/svg\" xmlns:xlink=\"http:\/\/www.w3.org\/1999\/xlink\">\n    <g stroke=\"none\" stroke-width=\"1\" fill=\"none\" fill-rule=\"evenodd\">\n      <g transform=\"translate(-381.000000, -576.000000)\" class=\"shape red\" fill=\"#FED292\">\n        <g transform=\"translate(156.000000, 136.000000)\">\n          <path d=\"M265.557208,487.189506 C315.60114,420.53788 381.576801,439.743631 423.090827,453.878491 C540.604638,493.890678 492.777294,576.144665 440.87301,616.455285 C385.166388,659.723102 289.489434,696.122032 244.274497,649.549258 C221.913179,626.537872 208.331629,563.393447 265.557208,487.189506\"><\/path>\n        <\/g>\n      <\/g>\n    <\/g>\n  <\/svg>\n<\/div>\n  <div class=\"grey-bg\"><\/div>\n<\/div>\n\n\n\n<div class=\"wp-block-buttons is-horizontal is-content-justification-center is-layout-flex wp-container-core-buttons-is-layout-499968f5 wp-block-buttons-is-layout-flex\"><\/div>\n\n\n\n<div class=\"text-block block contact-form-block\"><div class=\"two-column\"><div>\n<h2>Veuillez noter que nous n\u2019offrons plus de soutien \u00e0 la mise en \u0153uvre ni de formation de le professionnel en pr\u00e9vention BETTER.<\/h2>\n<\/div><div>\n<div class=\"wpcf7 no-js\" id=\"wpcf7-f1163-o1\" lang=\"fr-FR\" dir=\"ltr\" data-wpcf7-id=\"1163\">\n<div class=\"screen-reader-response\"><p role=\"status\" aria-live=\"polite\" aria-atomic=\"true\"><\/p> <ul><\/ul><\/div>\n<form action=\"\/fr\/wp-json\/wp\/v2\/pages\/1663#wpcf7-f1163-o1\" method=\"post\" class=\"wpcf7-form init\" aria-label=\"Formulaire de contact\" novalidate=\"novalidate\" data-status=\"init\">\n<fieldset class=\"hidden-fields-container\"><input type=\"hidden\" name=\"_wpcf7\" value=\"1163\" \/><input type=\"hidden\" name=\"_wpcf7_version\" value=\"6.1.5\" \/><input type=\"hidden\" name=\"_wpcf7_locale\" value=\"fr_FR\" \/><input type=\"hidden\" name=\"_wpcf7_unit_tag\" value=\"wpcf7-f1163-o1\" \/><input type=\"hidden\" name=\"_wpcf7_container_post\" value=\"0\" \/><input type=\"hidden\" name=\"_wpcf7_posted_data_hash\" value=\"\" \/><input type=\"hidden\" name=\"_wpcf7_recaptcha_response\" value=\"\" \/>\n<\/fieldset>\n<p>\t\t<div id=\"cf7md-form\" class=\"cf7md-form\">\n\t\t\t<div class=\"mdc-layout-grid\">\n\t\t\t\t<div class=\"mdc-layout-grid__inner\">\n\t\t\t\t\t\t\t\t\t\t\n\t\t\n\t\t<div class=\"cf7md-item cf7md-text mdc-layout-grid__cell mdc-layout-grid__cell--span-12-desktop mdc-layout-grid__cell--span-8-tablet mdc-layout-grid__cell--span-4-phone\">\n\t\t\t<br \/>\n<span class=\"wpcf7-form-control-wrap\" data-name=\"your-name\"><input size=\"40\" maxlength=\"400\" class=\"wpcf7-form-control wpcf7-text wpcf7-validates-as-required\" aria-required=\"true\" aria-invalid=\"false\" value=\"\" type=\"text\" name=\"your-name\" \/><\/span><br \/>\n\t\t\t\t\t\t<div style=\"display: none;\" class=\"cf7md-text-html\">\n\t\t\t\t<div class=\"mdc-text-field \">\n\t\t\t\t\t\n\t\t\t\t\t\t\t\t\t\t\t<label class=\"mdc-floating-label\">Nom:<\/label>\n\t\t\t\t\t\t<div class=\"mdc-line-ripple\"><\/div>\n\t\t\t\t\t\t\t\t\t<\/div>\n\t\t\t<\/div>\n\t\t<\/div>\n\t\t<br \/>\n\t\t\n\t\t<div class=\"cf7md-item cf7md-text mdc-layout-grid__cell mdc-layout-grid__cell--span-12-desktop mdc-layout-grid__cell--span-8-tablet mdc-layout-grid__cell--span-4-phone\">\n\t\t\t<br \/>\n<span class=\"wpcf7-form-control-wrap\" data-name=\"your-email\"><input size=\"40\" maxlength=\"400\" class=\"wpcf7-form-control wpcf7-email wpcf7-validates-as-required wpcf7-text wpcf7-validates-as-email\" aria-required=\"true\" aria-invalid=\"false\" value=\"\" type=\"email\" name=\"your-email\" \/><\/span><br \/>\n\t\t\t\t\t\t<div style=\"display: none;\" class=\"cf7md-text-html\">\n\t\t\t\t<div class=\"mdc-text-field \">\n\t\t\t\t\t\n\t\t\t\t\t\t\t\t\t\t\t<label class=\"mdc-floating-label\">Courriel<\/label>\n\t\t\t\t\t\t<div class=\"mdc-line-ripple\"><\/div>\n\t\t\t\t\t\t\t\t\t<\/div>\n\t\t\t<\/div>\n\t\t<\/div>\n\t\t<br \/>\n\t\t\n\t\t<div class=\"cf7md-item cf7md-text mdc-layout-grid__cell mdc-layout-grid__cell--span-12-desktop mdc-layout-grid__cell--span-8-tablet mdc-layout-grid__cell--span-4-phone\">\n\t\t\t<br \/>\n<span class=\"wpcf7-form-control-wrap\" data-name=\"your-number\"><input size=\"40\" maxlength=\"400\" class=\"wpcf7-form-control wpcf7-tel wpcf7-text wpcf7-validates-as-tel\" aria-invalid=\"false\" value=\"\" type=\"tel\" name=\"your-number\" \/><\/span><br \/>\n\t\t\t\t\t\t<div style=\"display: none;\" class=\"cf7md-text-html\">\n\t\t\t\t<div class=\"mdc-text-field \">\n\t\t\t\t\t\n\t\t\t\t\t\t\t\t\t\t\t<label class=\"mdc-floating-label\">T\u00e9l\u00e9phone<\/label>\n\t\t\t\t\t\t<div class=\"mdc-line-ripple\"><\/div>\n\t\t\t\t\t\t\t\t\t<\/div>\n\t\t\t<\/div>\n\t\t<\/div>\n\t\t<br \/>\n\n\t\t<div class=\"cf7md-item cf7md-textarea mdc-layout-grid__cell mdc-layout-grid__cell--span-12-desktop mdc-layout-grid__cell--span-8-tablet mdc-layout-grid__cell--span-4-phone cf7md-textarea-autosize\">\n\t\t\t<br \/>\n<span class=\"wpcf7-form-control-wrap\" data-name=\"your-message\"><textarea cols=\"40\" rows=\"10\" maxlength=\"2000\" class=\"wpcf7-form-control wpcf7-textarea wpcf7-validates-as-required\" aria-required=\"true\" aria-invalid=\"false\" name=\"your-message\"><\/textarea><\/span><br \/>\n\t\t\t\t\t\t<div style=\"display: none;\" class=\"cf7md-text-html\">\n\t\t\t\t<div class=\"mdc-text-field  mdc-text-field--textarea\">\n\t\t\t\t\t\t\t\t\t\t<div class=\"mdc-notched-outline\">\n\t\t\t\t\t\t<div class=\"mdc-notched-outline__leading\"><\/div>\n\t\t\t\t\t\t<div class=\"mdc-notched-outline__notch\">\n\t\t\t\t\t\t\t<label class=\"mdc-floating-label\">Posez-nous votre question et dites-nous pourquoi vous souhaitez vous connecter<\/label>\n\t\t\t\t\t\t<\/div>\n\t\t\t\t\t\t<div class=\"mdc-notched-outline__trailing\"><\/div>\n\t\t\t\t\t<\/div>\n\t\t\t\t<\/div>\n\t\t\t<\/div>\n\t\t<\/div>\n\t\t<br \/>\n\t\t<div class=\"cf7md-item cf7md-submit mdc-layout-grid__cell mdc-layout-grid__cell--span-12-desktop mdc-layout-grid__cell--span-8-tablet mdc-layout-grid__cell--span-4-phone\" data-button-style=\"raised\">\n\t\t\t<br \/>\n<input class=\"wpcf7-form-control wpcf7-submit has-spinner\" type=\"submit\" value=\"Soumettre\" \/><br \/>\n\t\t\t<svg class=\"cf7md-spinner\" width=\"25px\" height=\"25px\" viewBox=\"0 0 66 66\" xmlns=\"http:\/\/www.w3.org\/2000\/svg\">\n\t\t\t\t<circle class=\"cf7md-spinner-path\" fill=\"none\" stroke-width=\"6\" stroke-linecap=\"round\" cx=\"33\" cy=\"33\" r=\"30\"><\/circle>\n\t\t\t<\/svg>\n\t\t<\/div>\n\t\t<br \/>\n\t\t\t\t\t\t\t\t\t<\/div>\n\t\t\t<\/div>\n\t\t<\/div>\n\t\t\n<\/p><div class=\"wpcf7-response-output\" aria-hidden=\"true\"><\/div>\n<\/form>\n<\/div>\n\n<\/div><\/div><\/div><style>#cf7md-form input[type=\"text\"],#cf7md-form input[type=\"email\"],#cf7md-form input[type=\"tel\"],#cf7md-form .mdc-text-field__input,#cf7md-form .mdc-floating-label, #cf7md-form .cf7md-item { background-color: white !important; }\n<\/style>\n\n\n\n<p><\/p>\n","protected":false},"excerpt":{"rendered":"<p>Veuillez noter que nous n\u2019offrons plus de soutien \u00e0 la mise en \u0153uvre ni de formation de le professionnel en pr\u00e9vention BETTER.<\/p>\n","protected":false},"author":1,"featured_media":0,"parent":0,"menu_order":0,"comment_status":"closed","ping_status":"closed","template":"","meta":{"footnotes":""},"class_list":["post-1663","page","type-page","status-publish","hentry"],"acf":[],"yoast_head":"<!-- This site is optimized with the Yoast SEO plugin v27.3 - https:\/\/yoast.com\/product\/yoast-seo-wordpress\/ -->\n<title>Contactez-Nous - The Better Program<\/title>\n<meta name=\"robots\" content=\"index, follow, max-snippet:-1, max-image-preview:large, max-video-preview:-1\" \/>\n<link rel=\"canonical\" href=\"https:\/\/www.better-program.ca\/fr\/contact\/\" \/>\n<meta property=\"og:locale\" content=\"fr_FR\" \/>\n<meta property=\"og:type\" content=\"article\" \/>\n<meta property=\"og:title\" content=\"Contactez-Nous - The Better Program\" \/>\n<meta property=\"og:description\" content=\"Veuillez noter que nous n\u2019offrons plus de soutien \u00e0 la mise en \u0153uvre ni de formation de le professionnel en pr\u00e9vention BETTER.\" \/>\n<meta property=\"og:url\" content=\"https:\/\/www.better-program.ca\/fr\/contact\/\" \/>\n<meta property=\"og:site_name\" content=\"The Better Program\" \/>\n<meta property=\"article:modified_time\" content=\"2025-04-30T21:16:33+00:00\" \/>\n<meta property=\"og:image\" content=\"https:\/\/www.better-program.ca\/wp-content\/uploads\/2020\/04\/home-header-1.jpg\" \/>\n\t<meta property=\"og:image:width\" content=\"1200\" \/>\n\t<meta property=\"og:image:height\" content=\"800\" \/>\n\t<meta property=\"og:image:type\" content=\"image\/jpeg\" \/>\n<meta name=\"twitter:card\" content=\"summary_large_image\" \/>\n<meta name=\"twitter:label1\" content=\"Dur\u00e9e de lecture estim\u00e9e\" \/>\n\t<meta name=\"twitter:data1\" content=\"1 minute\" \/>\n<script type=\"application\/ld+json\" class=\"yoast-schema-graph\">{\"@context\":\"https:\\\/\\\/schema.org\",\"@graph\":[{\"@type\":\"WebPage\",\"@id\":\"https:\\\/\\\/www.better-program.ca\\\/fr\\\/contact\\\/\",\"url\":\"https:\\\/\\\/www.better-program.ca\\\/fr\\\/contact\\\/\",\"name\":\"Contactez-Nous - The Better Program\",\"isPartOf\":{\"@id\":\"https:\\\/\\\/www.better-program.ca\\\/#website\"},\"datePublished\":\"2020-04-06T05:37:28+00:00\",\"dateModified\":\"2025-04-30T21:16:33+00:00\",\"breadcrumb\":{\"@id\":\"https:\\\/\\\/www.better-program.ca\\\/fr\\\/contact\\\/#breadcrumb\"},\"inLanguage\":\"fr-FR\",\"potentialAction\":[{\"@type\":\"ReadAction\",\"target\":[\"https:\\\/\\\/www.better-program.ca\\\/fr\\\/contact\\\/\"]}]},{\"@type\":\"BreadcrumbList\",\"@id\":\"https:\\\/\\\/www.better-program.ca\\\/fr\\\/contact\\\/#breadcrumb\",\"itemListElement\":[{\"@type\":\"ListItem\",\"position\":1,\"name\":\"Home\",\"item\":\"https:\\\/\\\/www.better-program.ca\\\/fr\\\/\"},{\"@type\":\"ListItem\",\"position\":2,\"name\":\"Contactez-Nous\"}]},{\"@type\":\"WebSite\",\"@id\":\"https:\\\/\\\/www.better-program.ca\\\/#website\",\"url\":\"https:\\\/\\\/www.better-program.ca\\\/\",\"name\":\"The Better Program\",\"description\":\"Improving Chronic Disease Prevention and Screening Across Canada\",\"publisher\":{\"@id\":\"https:\\\/\\\/www.better-program.ca\\\/#organization\"},\"potentialAction\":[{\"@type\":\"SearchAction\",\"target\":{\"@type\":\"EntryPoint\",\"urlTemplate\":\"https:\\\/\\\/www.better-program.ca\\\/?s={search_term_string}\"},\"query-input\":{\"@type\":\"PropertyValueSpecification\",\"valueRequired\":true,\"valueName\":\"search_term_string\"}}],\"inLanguage\":\"fr-FR\"},{\"@type\":\"Organization\",\"@id\":\"https:\\\/\\\/www.better-program.ca\\\/#organization\",\"name\":\"The BETTER Program\",\"url\":\"https:\\\/\\\/www.better-program.ca\\\/\",\"logo\":{\"@type\":\"ImageObject\",\"inLanguage\":\"fr-FR\",\"@id\":\"https:\\\/\\\/www.better-program.ca\\\/#\\\/schema\\\/logo\\\/image\\\/\",\"url\":\"https:\\\/\\\/better-program.ca\\\/wp-content\\\/uploads\\\/2019\\\/12\\\/better-logo.png\",\"contentUrl\":\"https:\\\/\\\/better-program.ca\\\/wp-content\\\/uploads\\\/2019\\\/12\\\/better-logo.png\",\"width\":432,\"height\":144,\"caption\":\"The BETTER Program\"},\"image\":{\"@id\":\"https:\\\/\\\/www.better-program.ca\\\/#\\\/schema\\\/logo\\\/image\\\/\"}}]}<\/script>\n<!-- \/ Yoast SEO plugin. -->","yoast_head_json":{"title":"Contactez-Nous - The Better Program","robots":{"index":"index","follow":"follow","max-snippet":"max-snippet:-1","max-image-preview":"max-image-preview:large","max-video-preview":"max-video-preview:-1"},"canonical":"https:\/\/www.better-program.ca\/fr\/contact\/","og_locale":"fr_FR","og_type":"article","og_title":"Contactez-Nous - The Better Program","og_description":"Veuillez noter que nous n\u2019offrons plus de soutien \u00e0 la mise en \u0153uvre ni de formation de le professionnel en pr\u00e9vention BETTER.","og_url":"https:\/\/www.better-program.ca\/fr\/contact\/","og_site_name":"The Better Program","article_modified_time":"2025-04-30T21:16:33+00:00","og_image":[{"width":1200,"height":800,"url":"https:\/\/www.better-program.ca\/wp-content\/uploads\/2020\/04\/home-header-1.jpg","type":"image\/jpeg"}],"twitter_card":"summary_large_image","twitter_misc":{"Dur\u00e9e de lecture estim\u00e9e":"1 minute"},"schema":{"@context":"https:\/\/schema.org","@graph":[{"@type":"WebPage","@id":"https:\/\/www.better-program.ca\/fr\/contact\/","url":"https:\/\/www.better-program.ca\/fr\/contact\/","name":"Contactez-Nous - The Better Program","isPartOf":{"@id":"https:\/\/www.better-program.ca\/#website"},"datePublished":"2020-04-06T05:37:28+00:00","dateModified":"2025-04-30T21:16:33+00:00","breadcrumb":{"@id":"https:\/\/www.better-program.ca\/fr\/contact\/#breadcrumb"},"inLanguage":"fr-FR","potentialAction":[{"@type":"ReadAction","target":["https:\/\/www.better-program.ca\/fr\/contact\/"]}]},{"@type":"BreadcrumbList","@id":"https:\/\/www.better-program.ca\/fr\/contact\/#breadcrumb","itemListElement":[{"@type":"ListItem","position":1,"name":"Home","item":"https:\/\/www.better-program.ca\/fr\/"},{"@type":"ListItem","position":2,"name":"Contactez-Nous"}]},{"@type":"WebSite","@id":"https:\/\/www.better-program.ca\/#website","url":"https:\/\/www.better-program.ca\/","name":"The Better Program","description":"Improving Chronic Disease Prevention and Screening Across Canada","publisher":{"@id":"https:\/\/www.better-program.ca\/#organization"},"potentialAction":[{"@type":"SearchAction","target":{"@type":"EntryPoint","urlTemplate":"https:\/\/www.better-program.ca\/?s={search_term_string}"},"query-input":{"@type":"PropertyValueSpecification","valueRequired":true,"valueName":"search_term_string"}}],"inLanguage":"fr-FR"},{"@type":"Organization","@id":"https:\/\/www.better-program.ca\/#organization","name":"The BETTER Program","url":"https:\/\/www.better-program.ca\/","logo":{"@type":"ImageObject","inLanguage":"fr-FR","@id":"https:\/\/www.better-program.ca\/#\/schema\/logo\/image\/","url":"https:\/\/better-program.ca\/wp-content\/uploads\/2019\/12\/better-logo.png","contentUrl":"https:\/\/better-program.ca\/wp-content\/uploads\/2019\/12\/better-logo.png","width":432,"height":144,"caption":"The BETTER Program"},"image":{"@id":"https:\/\/www.better-program.ca\/#\/schema\/logo\/image\/"}}]}},"_links":{"self":[{"href":"https:\/\/www.better-program.ca\/fr\/wp-json\/wp\/v2\/pages\/1663","targetHints":{"allow":["GET"]}}],"collection":[{"href":"https:\/\/www.better-program.ca\/fr\/wp-json\/wp\/v2\/pages"}],"about":[{"href":"https:\/\/www.better-program.ca\/fr\/wp-json\/wp\/v2\/types\/page"}],"author":[{"embeddable":true,"href":"https:\/\/www.better-program.ca\/fr\/wp-json\/wp\/v2\/users\/1"}],"replies":[{"embeddable":true,"href":"https:\/\/www.better-program.ca\/fr\/wp-json\/wp\/v2\/comments?post=1663"}],"version-history":[{"count":14,"href":"https:\/\/www.better-program.ca\/fr\/wp-json\/wp\/v2\/pages\/1663\/revisions"}],"predecessor-version":[{"id":4912,"href":"https:\/\/www.better-program.ca\/fr\/wp-json\/wp\/v2\/pages\/1663\/revisions\/4912"}],"wp:attachment":[{"href":"https:\/\/www.better-program.ca\/fr\/wp-json\/wp\/v2\/media?parent=1663"}],"curies":[{"name":"wp","href":"https:\/\/api.w.org\/{rel}","templated":true}]}}