{"id":1164,"date":"2019-12-19T11:39:33","date_gmt":"2019-12-19T19:39:33","guid":{"rendered":"http:\/\/monvisitebetter.ca\/a-propos-de-nous\/"},"modified":"2025-04-24T10:34:05","modified_gmt":"2025-04-24T16:34:05","slug":"about-us","status":"publish","type":"page","link":"https:\/\/www.better-program.ca\/fr\/about-us\/","title":{"rendered":"\u00c0 propos de nous"},"content":{"rendered":"<div id=\"page-header-block_2c702913c393c34f4da9b86acd6c50e1\" class=\"page-header block image-left alignwide\">\n  <div class=\"page-header-content\">\n    <div class=\"page-header-content-wrapper\">\n            <h1>\u00c0 propos de nous<\/h1>\n      \n          <\/div>\n  <\/div>\n  <div class=\"page-header-image\">\n          <div class=\"mask\">\n        <img loading=\"lazy\" decoding=\"async\" width=\"2278\" height=\"1744\" src=\"https:\/\/www.better-program.ca\/wp-content\/uploads\/2020\/03\/better-assets-e1745442623336.png\" class=\"attachment-full size-full\" alt=\"\" \/>      <\/div>\n            <\/div>\n\n    <div class=\"grey-bg\"><\/div>\n<\/div>\n\n\n\n<div class=\"block mission\"><h1 class=\"red\">Notre Vision<\/h1><p>Des Canadiens en meilleure sant\u00e9 en r\u00e9duisant le fardeau des cancers et des maladies chroniques et en am\u00e9liorant la viabilit\u00e9 du syst\u00e8me de soins de sant\u00e9.<\/p><\/div>\n\n\n\n<div class=\"block mission\"><h1 class=\"red\">Notre Mission<\/h1><p>Am\u00e9liorer la sant\u00e9 des Canadiens et contribuer \u00e0 la viabilit\u00e9 du syst\u00e8me de soins de sant\u00e9 par une meilleure pr\u00e9vention et un meilleur d\u00e9pistage des maladies chroniques.<\/p><\/div>\n\n\n<div id=\"quote-slider-block_e9d88c7d25473fb89d3d79f917a67cee\" class=\"block quote-slider alignwide\">\n        <div class=\"quote-mark\"><\/div>\n\t\t<div class=\"slides\">\n\t\t\t\t\t\t\t<div>\n          <h5>\u00ab BETTER est un programme unique qui a d\u00e9velopp\u00e9 une approche qui a \u00e9t\u00e9 test\u00e9e et \u00e9prouv\u00e9e \u00e0 travers une m\u00e9thodologie d&rsquo;essai rigoureuse pour int\u00e9grer la pr\u00e9vention et le d\u00e9pistage des principales maladies chroniques par des professionnels en pr\u00e9vention \u00bb<\/h5>\n          <h5 class=\"name red\">Dre Eva Grunfeld<\/h5>\n\t\t\t\t<\/div>\n\t\t\t    <\/div>\n\t<\/div>\n\n\n\n<div id=\"team-block-block_4366e9d1e09beb178241547fa9c8241d\" class=\"team-block block\">\n  <h1>Notre \u00c9quipe<\/h1>\n            <div class=\"team-block-member\">\n        <div class=\"team-member-photo\">\n          <img loading=\"lazy\" decoding=\"async\" width=\"1200\" height=\"1201\" src=\"https:\/\/www.better-program.ca\/wp-content\/uploads\/2019\/12\/Eva-Grunfeld.jpg\" class=\"attachment-full size-full\" alt=\"\" srcset=\"https:\/\/www.better-program.ca\/wp-content\/uploads\/2019\/12\/Eva-Grunfeld.jpg 1200w, https:\/\/www.better-program.ca\/wp-content\/uploads\/2019\/12\/Eva-Grunfeld-300x300.jpg 300w, https:\/\/www.better-program.ca\/wp-content\/uploads\/2019\/12\/Eva-Grunfeld-1024x1024.jpg 1024w, https:\/\/www.better-program.ca\/wp-content\/uploads\/2019\/12\/Eva-Grunfeld-150x150.jpg 150w, https:\/\/www.better-program.ca\/wp-content\/uploads\/2019\/12\/Eva-Grunfeld-768x769.jpg 768w\" sizes=\"auto, (max-width: 1200px) 100vw, 1200px\" \/>          <div class=\"swoop bottom-left\">\n  <svg width=\"271\" height=\"232\" viewBox=\"0 0 271 232\" version=\"1.1\" xmlns=\"http:\/\/www.w3.org\/2000\/svg\" xmlns:xlink=\"http:\/\/www.w3.org\/1999\/xlink\">\n    <g stroke=\"none\" stroke-width=\"1\" fill=\"none\" fill-rule=\"evenodd\">\n      <g transform=\"translate(-381.000000, -576.000000)\" class=\"shape blue\" fill=\"#FED292\">\n        <g transform=\"translate(156.000000, 136.000000)\">\n          <path d=\"M265.557208,487.189506 C315.60114,420.53788 381.576801,439.743631 423.090827,453.878491 C540.604638,493.890678 492.777294,576.144665 440.87301,616.455285 C385.166388,659.723102 289.489434,696.122032 244.274497,649.549258 C221.913179,626.537872 208.331629,563.393447 265.557208,487.189506\"><\/path>\n        <\/g>\n      <\/g>\n    <\/g>\n  <\/svg>\n<\/div>\n        <\/div>\n        <div class=\"team-member-info\">\n          <h3>Dre Eva Grunfeld<\/h3>\n          <ul class=\"team-member-titles\">\n                          <li class=\"red\">Cofondatrice, Programme BETTER<\/li>\n                      <\/ul>\n          <p class=\"team-member-bio\">La Dre Eva Grunfeld est directrice du Knowledge Translation Research Network (R\u00e9seau de recherche sur le transfert des connaissances) du programme de recherche sur les services de sant\u00e9 d&rsquo;Action Cancer Ontario et de l&rsquo;Ontario Institute for Cancer Research (Institut de recherche sur le cancer de l&rsquo;Ontario). Elle est aussi professeure Giblon et directrice de recherche dans le d\u00e9partement de m\u00e9decine familiale et communautaire de l\u2019Universit\u00e9 de Toronto. De 2004 \u00e0 2008, elle a fond\u00e9 et dirig\u00e9 le Cancer Outcomes Research Program (Programme de recherche sur les r\u00e9sultats cliniques dans le domaine du cancer) pour Action Cancer Nouvelle-\u00c9cosse et l\u2019Universit\u00e9 Dalhousie. Elle a obtenu son dipl\u00f4me en m\u00e9decine \u00e0 l\u2019Universit\u00e9 McMaster et poss\u00e8de \u00e9galement un doctorat en \u00e9pid\u00e9miologie du cancer de l\u2019Universit\u00e9 d\u2019Oxford. Ses recherches sont centr\u00e9es sur l\u2019\u00e9valuation et le transfert des connaissances des services de sant\u00e9 dans le domaine du cancer et couvrent tout l\u2019\u00e9ventail des activit\u00e9s de contr\u00f4le du cancer. Les recherches de la Dre Grunfeld utilisent des m\u00e9thodes diverses dont les essais cliniques randomis\u00e9s, la recherche qualitative et l\u2019analyse de r\u00e9sultats. La Dre Grunfeld est reconnue \u00e0 l\u2019\u00e9chelle internationale comme sommit\u00e9 dans la recherche en soins primaires, notamment sur le et la survie au cancer, et a \u00e9t\u00e9 chercheuse principale lors de nombreux essais cliniques randomis\u00e9s sur les soins de suivi oncologiques \u00e9tablissant la s\u00fbret\u00e9 et l&rsquo;acceptabilit\u00e9 du suivi en soins de premi\u00e8re ligne pour les patientes atteintes d\u2019un cancer du sein.        <\/div>\n      <\/div>\n          <div class=\"team-block-member\">\n        <div class=\"team-member-photo\">\n          <img loading=\"lazy\" decoding=\"async\" width=\"1200\" height=\"1198\" src=\"https:\/\/www.better-program.ca\/wp-content\/uploads\/2019\/12\/Donna-Manca_2019.jpg\" class=\"attachment-full size-full\" alt=\"\" srcset=\"https:\/\/www.better-program.ca\/wp-content\/uploads\/2019\/12\/Donna-Manca_2019.jpg 1200w, https:\/\/www.better-program.ca\/wp-content\/uploads\/2019\/12\/Donna-Manca_2019-300x300.jpg 300w, https:\/\/www.better-program.ca\/wp-content\/uploads\/2019\/12\/Donna-Manca_2019-1024x1022.jpg 1024w, https:\/\/www.better-program.ca\/wp-content\/uploads\/2019\/12\/Donna-Manca_2019-150x150.jpg 150w, https:\/\/www.better-program.ca\/wp-content\/uploads\/2019\/12\/Donna-Manca_2019-768x767.jpg 768w\" sizes=\"auto, (max-width: 1200px) 100vw, 1200px\" \/>          <div class=\"swoop top-left\">\n  <svg width=\"271\" height=\"232\" viewBox=\"0 0 271 232\" version=\"1.1\" xmlns=\"http:\/\/www.w3.org\/2000\/svg\" xmlns:xlink=\"http:\/\/www.w3.org\/1999\/xlink\">\n    <g stroke=\"none\" stroke-width=\"1\" fill=\"none\" fill-rule=\"evenodd\">\n      <g transform=\"translate(-381.000000, -576.000000)\" class=\"shape blue\" fill=\"#FED292\">\n        <g transform=\"translate(156.000000, 136.000000)\">\n          <path d=\"M265.557208,487.189506 C315.60114,420.53788 381.576801,439.743631 423.090827,453.878491 C540.604638,493.890678 492.777294,576.144665 440.87301,616.455285 C385.166388,659.723102 289.489434,696.122032 244.274497,649.549258 C221.913179,626.537872 208.331629,563.393447 265.557208,487.189506\"><\/path>\n        <\/g>\n      <\/g>\n    <\/g>\n  <\/svg>\n<\/div>\n        <\/div>\n        <div class=\"team-member-info\">\n          <h3>Dre Donna Manca<\/h3>\n          <ul class=\"team-member-titles\">\n                          <li class=\"red\">Cofondatrice, Programme BETTER<\/li>\n                      <\/ul>\n          <p class=\"team-member-bio\">La Dre Donna Manca est m\u00e9decin de famille depuis plus de 30 ans \u00e0 Edmonton en Alberta. Elle a obtenu sa ma\u00eetrise \u00e0 l\u2019Universit\u00e9 Western Ontario en 1989 et sa th\u00e8se intitul\u00e9e The Miscarriage Experience utilisait diff\u00e9rentes m\u00e9thodes dont la th\u00e9orie \u00e0 base empirique. Son exp\u00e9rience clinique comprend une courte p\u00e9riode de pratique dans l&rsquo;Arctique central, incluant : Yellowknife, Ikaluktutiak, Taloyoak, Gjoa Haven et Coppermine en 1983. Son exp\u00e9rience clinique est le moteur qui oriente ses recherches. Elle est directrice du Northern Alberta Primary Care Research Network (NAPCReN) (R\u00e9seau de recherche en soins primaires du nord de l&rsquo;Alberta), un r\u00e9seau qui contribue \u00e0 la base de donn\u00e9es nationale du R\u00e9seau canadien de surveillance sentinelle en soins primaires (RCSSSP). La Dre Manca a re\u00e7u le prix de reconnaissance d&rsquo;excellence 2011 du Coll\u00e8ge des m\u00e9decins de famille de l&rsquo;Alberta pour son engagement \u00e0 promouvoir les soins primaires et la recherche communautaire fond\u00e9e sur la pratique. Elle a contribu\u00e9 \u00e0 la mise en \u0153uvre du syst\u00e8me de confidentialit\u00e9 et de s\u00e9curit\u00e9 de l&rsquo;information pour le RCSSSP, qui a obtenu le prix de mondial de l\u2019innovation 2013 de l&rsquo;Association internationale des professionnels de la protection de la vie priv\u00e9e.         <\/div>\n      <\/div>\n          <div class=\"team-block-member\">\n        <div class=\"team-member-photo\">\n          <img loading=\"lazy\" decoding=\"async\" width=\"1200\" height=\"1200\" src=\"https:\/\/www.better-program.ca\/wp-content\/uploads\/2019\/12\/20190131-Aisha-Lofters-3I8A9630.jpg\" class=\"attachment-full size-full\" alt=\"\" srcset=\"https:\/\/www.better-program.ca\/wp-content\/uploads\/2019\/12\/20190131-Aisha-Lofters-3I8A9630.jpg 1200w, https:\/\/www.better-program.ca\/wp-content\/uploads\/2019\/12\/20190131-Aisha-Lofters-3I8A9630-300x300.jpg 300w, https:\/\/www.better-program.ca\/wp-content\/uploads\/2019\/12\/20190131-Aisha-Lofters-3I8A9630-1024x1024.jpg 1024w, https:\/\/www.better-program.ca\/wp-content\/uploads\/2019\/12\/20190131-Aisha-Lofters-3I8A9630-150x150.jpg 150w, https:\/\/www.better-program.ca\/wp-content\/uploads\/2019\/12\/20190131-Aisha-Lofters-3I8A9630-768x768.jpg 768w\" sizes=\"auto, (max-width: 1200px) 100vw, 1200px\" \/>          <div class=\"swoop top-right\">\n  <svg width=\"271\" height=\"232\" viewBox=\"0 0 271 232\" version=\"1.1\" xmlns=\"http:\/\/www.w3.org\/2000\/svg\" xmlns:xlink=\"http:\/\/www.w3.org\/1999\/xlink\">\n    <g stroke=\"none\" stroke-width=\"1\" fill=\"none\" fill-rule=\"evenodd\">\n      <g transform=\"translate(-381.000000, -576.000000)\" class=\"shape red\" fill=\"#FED292\">\n        <g transform=\"translate(156.000000, 136.000000)\">\n          <path d=\"M265.557208,487.189506 C315.60114,420.53788 381.576801,439.743631 423.090827,453.878491 C540.604638,493.890678 492.777294,576.144665 440.87301,616.455285 C385.166388,659.723102 289.489434,696.122032 244.274497,649.549258 C221.913179,626.537872 208.331629,563.393447 265.557208,487.189506\"><\/path>\n        <\/g>\n      <\/g>\n    <\/g>\n  <\/svg>\n<\/div>\n        <\/div>\n        <div class=\"team-member-info\">\n          <h3>Dre Aisha Lofters<\/h3>\n          <ul class=\"team-member-titles\">\n                      <\/ul>\n          <p class=\"team-member-bio\">La Dre Aisha Lofters est m\u00e9decin de famille. Elle est scientifique \u00e0 l&rsquo;Institut de recherche et d&rsquo;innovation du Women&rsquo;s College Hospital de Toronto, en Ontario, o\u00f9 elle est \u00e9galement titulaire de la chaire de science de la mise en \u0153uvre au Centre Peter Gilgan pour les cancers f\u00e9minins. Elle est professeure agr\u00e9g\u00e9e au D\u00e9partement de m\u00e9decine familiale et communautaire de l&rsquo;Universit\u00e9 de Toronto et est actuellement titulaire d&rsquo;une chaire de recherche appliqu\u00e9e en sant\u00e9 publique de l\u2019Institut de la sant\u00e9 publique et des populations des Instituts de recherche en sant\u00e9 du Canada et l\u2019Agence de la sant\u00e9 publique du Canada. Son programme de recherche porte sur le d\u00e9pistage et la pr\u00e9vention du cancer dans une optique d&rsquo;\u00e9quit\u00e9 en sant\u00e9.        <\/div>\n      <\/div>\n          <div class=\"team-block-member\">\n        <div class=\"team-member-photo\">\n          <img loading=\"lazy\" decoding=\"async\" width=\"1200\" height=\"1199\" src=\"https:\/\/www.better-program.ca\/wp-content\/uploads\/2019\/12\/Carolina-Fernandes_2019.jpg\" class=\"attachment-full size-full\" alt=\"\" srcset=\"https:\/\/www.better-program.ca\/wp-content\/uploads\/2019\/12\/Carolina-Fernandes_2019.jpg 1200w, https:\/\/www.better-program.ca\/wp-content\/uploads\/2019\/12\/Carolina-Fernandes_2019-300x300.jpg 300w, https:\/\/www.better-program.ca\/wp-content\/uploads\/2019\/12\/Carolina-Fernandes_2019-1024x1024.jpg 1024w, https:\/\/www.better-program.ca\/wp-content\/uploads\/2019\/12\/Carolina-Fernandes_2019-150x150.jpg 150w, https:\/\/www.better-program.ca\/wp-content\/uploads\/2019\/12\/Carolina-Fernandes_2019-768x767.jpg 768w\" sizes=\"auto, (max-width: 1200px) 100vw, 1200px\" \/>          <div class=\"swoop bottom-right\">\n  <svg width=\"271\" height=\"232\" viewBox=\"0 0 271 232\" version=\"1.1\" xmlns=\"http:\/\/www.w3.org\/2000\/svg\" xmlns:xlink=\"http:\/\/www.w3.org\/1999\/xlink\">\n    <g stroke=\"none\" stroke-width=\"1\" fill=\"none\" fill-rule=\"evenodd\">\n      <g transform=\"translate(-381.000000, -576.000000)\" class=\"shape yellow\" fill=\"#FED292\">\n        <g transform=\"translate(156.000000, 136.000000)\">\n          <path d=\"M265.557208,487.189506 C315.60114,420.53788 381.576801,439.743631 423.090827,453.878491 C540.604638,493.890678 492.777294,576.144665 440.87301,616.455285 C385.166388,659.723102 289.489434,696.122032 244.274497,649.549258 C221.913179,626.537872 208.331629,563.393447 265.557208,487.189506\"><\/path>\n        <\/g>\n      <\/g>\n    <\/g>\n  <\/svg>\n<\/div>\n        <\/div>\n        <div class=\"team-member-info\">\n          <h3>Carolina Fernandes<\/h3>\n          <ul class=\"team-member-titles\">\n                      <\/ul>\n          <p class=\"team-member-bio\">Carolina Fernandes a commenc\u00e9 sa carri\u00e8re au sein du Programme BETTER en tant que coordinatrice r\u00e9gionale de l&rsquo;essai BETTER en 2011. Elle a particip\u00e9 \u00e0 plusieurs \u00e9tudes de recherche dans le cadre du programme de recherche BETTER, form\u00e9 des professionnels en pr\u00e9vention issus de divers milieux et soutenu la mise en \u0153uvre du programme dans les pratiques de soins primaires. Mme Fernandes a contribu\u00e9 \u00e0 plusieurs activit\u00e9s centrales de BETTER, incluant la coordination du programme, l&rsquo;\u00e9laboration du programme de formation des professionnels en pr\u00e9vention, le perfectionnement des outils du Programme BETTER et le d\u00e9veloppement des solutions informatiques pour le programme. Elle d\u00e9tient une ma\u00eetrise \u00e8s sciences en m\u00e9thodologie de la recherche en sant\u00e9 de l&rsquo;Universit\u00e9 McMaster et une ma\u00eetrise \u00e8s arts en \u00e9conomie de l&rsquo;Universit\u00e9 de l&rsquo;Alberta.         <\/div>\n      <\/div>\n      <\/div>\n\n\n\n<div id=\"team-grid-block-block_958b3a0569009a9918507853c00de286\" class=\"team-grid-block block\">\n  <\/div>\n","protected":false},"excerpt":{"rendered":"<p>Notre Vision Des Canadiens en meilleure sant\u00e9 en r\u00e9duisant le fardeau des cancers et des maladies chroniques et en am\u00e9liorant la viabilit\u00e9 du syst\u00e8me de soins de sant\u00e9. Notre Mission Am\u00e9liorer la sant\u00e9 des Canadiens et contribuer \u00e0 la viabilit\u00e9 du syst\u00e8me de soins de sant\u00e9 par une meilleure pr\u00e9vention et un meilleur d\u00e9pistage des [&hellip;]<\/p>\n","protected":false},"author":1,"featured_media":0,"parent":0,"menu_order":0,"comment_status":"closed","ping_status":"closed","template":"","meta":{"footnotes":""},"class_list":["post-1164","page","type-page","status-publish","hentry"],"acf":[],"yoast_head":"<!-- This site is optimized with the Yoast SEO plugin v27.5 - https:\/\/yoast.com\/product\/yoast-seo-wordpress\/ -->\n<title>\u00c0 propos de nous - The Better Program<\/title>\n<meta name=\"robots\" content=\"index, follow, max-snippet:-1, max-image-preview:large, max-video-preview:-1\" \/>\n<link rel=\"canonical\" href=\"https:\/\/www.better-program.ca\/fr\/about-us\/\" \/>\n<meta property=\"og:locale\" content=\"fr_FR\" \/>\n<meta property=\"og:type\" content=\"article\" \/>\n<meta property=\"og:title\" content=\"\u00c0 propos de nous - The Better Program\" \/>\n<meta property=\"og:description\" content=\"Notre Vision Des Canadiens en meilleure sant\u00e9 en r\u00e9duisant le fardeau des cancers et des maladies chroniques et en am\u00e9liorant la viabilit\u00e9 du syst\u00e8me de soins de sant\u00e9. Notre Mission Am\u00e9liorer la sant\u00e9 des Canadiens et contribuer \u00e0 la viabilit\u00e9 du syst\u00e8me de soins de sant\u00e9 par une meilleure pr\u00e9vention et un meilleur d\u00e9pistage des [&hellip;]\" \/>\n<meta property=\"og:url\" content=\"https:\/\/www.better-program.ca\/fr\/about-us\/\" \/>\n<meta property=\"og:site_name\" content=\"The Better Program\" \/>\n<meta property=\"article:modified_time\" content=\"2025-04-24T16:34:05+00:00\" \/>\n<meta property=\"og:image\" content=\"https:\/\/www.better-program.ca\/wp-content\/uploads\/2020\/04\/home-header-1.jpg\" \/>\n\t<meta property=\"og:image:width\" content=\"1200\" \/>\n\t<meta property=\"og:image:height\" content=\"800\" \/>\n\t<meta property=\"og:image:type\" content=\"image\/jpeg\" \/>\n<meta name=\"twitter:card\" content=\"summary_large_image\" \/>\n<meta name=\"twitter:label1\" content=\"Dur\u00e9e de lecture estim\u00e9e\" \/>\n\t<meta name=\"twitter:data1\" content=\"1 minute\" \/>\n<script type=\"application\/ld+json\" class=\"yoast-schema-graph\">{\"@context\":\"https:\\\/\\\/schema.org\",\"@graph\":[{\"@type\":\"WebPage\",\"@id\":\"https:\\\/\\\/www.better-program.ca\\\/fr\\\/about-us\\\/\",\"url\":\"https:\\\/\\\/www.better-program.ca\\\/fr\\\/about-us\\\/\",\"name\":\"\u00c0 propos de nous - The Better Program\",\"isPartOf\":{\"@id\":\"https:\\\/\\\/www.better-program.ca\\\/#website\"},\"datePublished\":\"2019-12-19T19:39:33+00:00\",\"dateModified\":\"2025-04-24T16:34:05+00:00\",\"breadcrumb\":{\"@id\":\"https:\\\/\\\/www.better-program.ca\\\/fr\\\/about-us\\\/#breadcrumb\"},\"inLanguage\":\"fr-FR\",\"potentialAction\":[{\"@type\":\"ReadAction\",\"target\":[\"https:\\\/\\\/www.better-program.ca\\\/fr\\\/about-us\\\/\"]}]},{\"@type\":\"BreadcrumbList\",\"@id\":\"https:\\\/\\\/www.better-program.ca\\\/fr\\\/about-us\\\/#breadcrumb\",\"itemListElement\":[{\"@type\":\"ListItem\",\"position\":1,\"name\":\"Home\",\"item\":\"https:\\\/\\\/www.better-program.ca\\\/fr\\\/\"},{\"@type\":\"ListItem\",\"position\":2,\"name\":\"\u00c0 propos de nous\"}]},{\"@type\":\"WebSite\",\"@id\":\"https:\\\/\\\/www.better-program.ca\\\/#website\",\"url\":\"https:\\\/\\\/www.better-program.ca\\\/\",\"name\":\"The Better Program\",\"description\":\"Improving Chronic Disease Prevention and Screening Across Canada\",\"publisher\":{\"@id\":\"https:\\\/\\\/www.better-program.ca\\\/#organization\"},\"potentialAction\":[{\"@type\":\"SearchAction\",\"target\":{\"@type\":\"EntryPoint\",\"urlTemplate\":\"https:\\\/\\\/www.better-program.ca\\\/?s={search_term_string}\"},\"query-input\":{\"@type\":\"PropertyValueSpecification\",\"valueRequired\":true,\"valueName\":\"search_term_string\"}}],\"inLanguage\":\"fr-FR\"},{\"@type\":\"Organization\",\"@id\":\"https:\\\/\\\/www.better-program.ca\\\/#organization\",\"name\":\"The BETTER Program\",\"url\":\"https:\\\/\\\/www.better-program.ca\\\/\",\"logo\":{\"@type\":\"ImageObject\",\"inLanguage\":\"fr-FR\",\"@id\":\"https:\\\/\\\/www.better-program.ca\\\/#\\\/schema\\\/logo\\\/image\\\/\",\"url\":\"https:\\\/\\\/better-program.ca\\\/wp-content\\\/uploads\\\/2019\\\/12\\\/better-logo.png\",\"contentUrl\":\"https:\\\/\\\/better-program.ca\\\/wp-content\\\/uploads\\\/2019\\\/12\\\/better-logo.png\",\"width\":432,\"height\":144,\"caption\":\"The BETTER Program\"},\"image\":{\"@id\":\"https:\\\/\\\/www.better-program.ca\\\/#\\\/schema\\\/logo\\\/image\\\/\"}}]}<\/script>\n<!-- \/ Yoast SEO plugin. -->","yoast_head_json":{"title":"\u00c0 propos de nous - The Better Program","robots":{"index":"index","follow":"follow","max-snippet":"max-snippet:-1","max-image-preview":"max-image-preview:large","max-video-preview":"max-video-preview:-1"},"canonical":"https:\/\/www.better-program.ca\/fr\/about-us\/","og_locale":"fr_FR","og_type":"article","og_title":"\u00c0 propos de nous - The Better Program","og_description":"Notre Vision Des Canadiens en meilleure sant\u00e9 en r\u00e9duisant le fardeau des cancers et des maladies chroniques et en am\u00e9liorant la viabilit\u00e9 du syst\u00e8me de soins de sant\u00e9. Notre Mission Am\u00e9liorer la sant\u00e9 des Canadiens et contribuer \u00e0 la viabilit\u00e9 du syst\u00e8me de soins de sant\u00e9 par une meilleure pr\u00e9vention et un meilleur d\u00e9pistage des [&hellip;]","og_url":"https:\/\/www.better-program.ca\/fr\/about-us\/","og_site_name":"The Better Program","article_modified_time":"2025-04-24T16:34:05+00:00","og_image":[{"width":1200,"height":800,"url":"https:\/\/www.better-program.ca\/wp-content\/uploads\/2020\/04\/home-header-1.jpg","type":"image\/jpeg"}],"twitter_card":"summary_large_image","twitter_misc":{"Dur\u00e9e de lecture estim\u00e9e":"1 minute"},"schema":{"@context":"https:\/\/schema.org","@graph":[{"@type":"WebPage","@id":"https:\/\/www.better-program.ca\/fr\/about-us\/","url":"https:\/\/www.better-program.ca\/fr\/about-us\/","name":"\u00c0 propos de nous - The Better Program","isPartOf":{"@id":"https:\/\/www.better-program.ca\/#website"},"datePublished":"2019-12-19T19:39:33+00:00","dateModified":"2025-04-24T16:34:05+00:00","breadcrumb":{"@id":"https:\/\/www.better-program.ca\/fr\/about-us\/#breadcrumb"},"inLanguage":"fr-FR","potentialAction":[{"@type":"ReadAction","target":["https:\/\/www.better-program.ca\/fr\/about-us\/"]}]},{"@type":"BreadcrumbList","@id":"https:\/\/www.better-program.ca\/fr\/about-us\/#breadcrumb","itemListElement":[{"@type":"ListItem","position":1,"name":"Home","item":"https:\/\/www.better-program.ca\/fr\/"},{"@type":"ListItem","position":2,"name":"\u00c0 propos de nous"}]},{"@type":"WebSite","@id":"https:\/\/www.better-program.ca\/#website","url":"https:\/\/www.better-program.ca\/","name":"The Better Program","description":"Improving Chronic Disease Prevention and Screening Across Canada","publisher":{"@id":"https:\/\/www.better-program.ca\/#organization"},"potentialAction":[{"@type":"SearchAction","target":{"@type":"EntryPoint","urlTemplate":"https:\/\/www.better-program.ca\/?s={search_term_string}"},"query-input":{"@type":"PropertyValueSpecification","valueRequired":true,"valueName":"search_term_string"}}],"inLanguage":"fr-FR"},{"@type":"Organization","@id":"https:\/\/www.better-program.ca\/#organization","name":"The BETTER Program","url":"https:\/\/www.better-program.ca\/","logo":{"@type":"ImageObject","inLanguage":"fr-FR","@id":"https:\/\/www.better-program.ca\/#\/schema\/logo\/image\/","url":"https:\/\/better-program.ca\/wp-content\/uploads\/2019\/12\/better-logo.png","contentUrl":"https:\/\/better-program.ca\/wp-content\/uploads\/2019\/12\/better-logo.png","width":432,"height":144,"caption":"The BETTER Program"},"image":{"@id":"https:\/\/www.better-program.ca\/#\/schema\/logo\/image\/"}}]}},"_links":{"self":[{"href":"https:\/\/www.better-program.ca\/fr\/wp-json\/wp\/v2\/pages\/1164","targetHints":{"allow":["GET"]}}],"collection":[{"href":"https:\/\/www.better-program.ca\/fr\/wp-json\/wp\/v2\/pages"}],"about":[{"href":"https:\/\/www.better-program.ca\/fr\/wp-json\/wp\/v2\/types\/page"}],"author":[{"embeddable":true,"href":"https:\/\/www.better-program.ca\/fr\/wp-json\/wp\/v2\/users\/1"}],"replies":[{"embeddable":true,"href":"https:\/\/www.better-program.ca\/fr\/wp-json\/wp\/v2\/comments?post=1164"}],"version-history":[{"count":44,"href":"https:\/\/www.better-program.ca\/fr\/wp-json\/wp\/v2\/pages\/1164\/revisions"}],"predecessor-version":[{"id":4821,"href":"https:\/\/www.better-program.ca\/fr\/wp-json\/wp\/v2\/pages\/1164\/revisions\/4821"}],"wp:attachment":[{"href":"https:\/\/www.better-program.ca\/fr\/wp-json\/wp\/v2\/media?parent=1164"}],"curies":[{"name":"wp","href":"https:\/\/api.w.org\/{rel}","templated":true}]}}