{"id":1161,"date":"2019-12-19T10:10:44","date_gmt":"2019-12-19T18:10:44","guid":{"rendered":"http:\/\/monvisitebetter.ca\/accueil\/"},"modified":"2025-04-24T10:26:57","modified_gmt":"2025-04-24T16:26:57","slug":"accueil","status":"publish","type":"page","link":"https:\/\/www.better-program.ca\/fr\/","title":{"rendered":"Accueil"},"content":{"rendered":"<div id=\"page-header-block_6a09a65be60386f83942a8e7721cfec7\" class=\"page-header block alignwide\">\n  <div class=\"page-header-content\">\n    <div class=\"page-header-content-wrapper\">\n            <h1>Am\u00e9liorer la pr\u00e9vention et le d\u00e9pistage des maladies chroniques au Canada<\/h1>\n      <p>L&rsquo;approche BETTER est une approche proactive fond\u00e9e sur des donn\u00e9es probantes pour le d\u00e9pistage et la pr\u00e9vention des maladies chroniques.<\/p>\n\n              <div class=\"page-header-links\">\n                      <a class=\"btn large \" href=\"https:\/\/better-program.ca\/fr\/about-us\/\" target=\"\">\n              \u00c0 propos de nous            <\/a>\n                  <\/div>\n          <\/div>\n  <\/div>\n  <div class=\"page-header-image\">\n          <div class=\"mask\">\n        <img loading=\"lazy\" decoding=\"async\" width=\"720\" height=\"512\" src=\"https:\/\/www.better-program.ca\/wp-content\/uploads\/2019\/11\/image.png\" class=\"attachment-full size-full\" alt=\"\" srcset=\"https:\/\/www.better-program.ca\/wp-content\/uploads\/2019\/11\/image.png 720w, https:\/\/www.better-program.ca\/wp-content\/uploads\/2019\/11\/image-300x213.png 300w\" sizes=\"auto, (max-width: 720px) 100vw, 720px\" \/>      <\/div>\n            <\/div>\n\n  <div class=\"swoop swoop-left\">\n  <svg width=\"271\" height=\"232\" viewBox=\"0 0 271 232\" version=\"1.1\" xmlns=\"http:\/\/www.w3.org\/2000\/svg\" xmlns:xlink=\"http:\/\/www.w3.org\/1999\/xlink\">\n    <g stroke=\"none\" stroke-width=\"1\" fill=\"none\" fill-rule=\"evenodd\">\n      <g transform=\"translate(-381.000000, -576.000000)\" class=\"shape yellow\" fill=\"#FED292\">\n        <g transform=\"translate(156.000000, 136.000000)\">\n          <path d=\"M265.557208,487.189506 C315.60114,420.53788 381.576801,439.743631 423.090827,453.878491 C540.604638,493.890678 492.777294,576.144665 440.87301,616.455285 C385.166388,659.723102 289.489434,696.122032 244.274497,649.549258 C221.913179,626.537872 208.331629,563.393447 265.557208,487.189506\"><\/path>\n        <\/g>\n      <\/g>\n    <\/g>\n  <\/svg>\n<\/div>\n  <div class=\"grey-bg\"><\/div>\n<\/div>\n\n\n\n<div class=\"block text-block home-intro\">\n<h1>Qu&rsquo;est-ce que le Programme <span class=\"red\">BETTER\u2122<\/span>?<\/h1>\n<p>D\u00e9velopp\u00e9 par des prestataires de soins primaires pour les milieux de soins primaires, le Programme BETTER est centr\u00e9 sur la pr\u00e9vention et le d\u00e9pistage du cancer, du diab\u00e8te, des maladies cardiovasculaires et des facteurs li\u00e9s au mode de vie qui y sont associ\u00e9s (nutrition, exercice physique, tabagisme et alcool). Un professionnel des soins de sant\u00e9 en milieu primaire est choisi pour assumer le r\u00f4le de professionnel en pr\u00e9vention et agit \u00e0 titre de personne-ressource pour le cabinet gr\u00e2ce \u00e0 son expertise en pr\u00e9vention et en d\u00e9pistage.<\/p>\n<p>Cet expert en pr\u00e9vention travaille en collaboration avec les patients et, \u00e0 travers un processus impliquant des d\u00e9cisions partag\u00e9es et des objectifs S.M.A.R.T. (sp\u00e9cifique, mesurable, atteignable, r\u00e9aliste, temporellement d\u00e9fini), d\u00e9veloppe une \u00ab ordonnance de pr\u00e9vention \u00bb unique et personnalis\u00e9e avec chaque patient. Ce r\u00f4le peut \u00eatre assum\u00e9 par n&rsquo;importe quel m\u00e9decin ou professionnel de la sant\u00e9.<\/p>\n<p>Il a \u00e9t\u00e9 d\u00e9montr\u00e9 que notre approche am\u00e9liore la pr\u00e9vention et le d\u00e9pistage des maladies chroniques des patients de 37%.<\/p>\n<a class=\"btn caret\" href=\"https:\/\/better-program.ca\/fr\/evidence\/\" target=\"\" rel=\"noopener\">En savoir plus<\/a>\n<\/div>\n\n\n<script src=\"https:\/\/cdnjs.cloudflare.com\/ajax\/libs\/bodymovin\/5.5.9\/lottie.min.js\" type=\"text\/javascript\"><\/script>\n<div id=\"principles-block-block_fc95e38f2bb654ace1769235c680462b\" class=\"principles-block block choose-better\">\n    <a name=\"our-principles\"><\/a>\n    <h2>Pourquoi choisir le Programme <span class=\"red\">BETTER<\/span> ?<\/h2>\n\n          <div class=\"principles-grid\">\n                  <div class=\"principle-block\">\n            <img loading=\"lazy\" decoding=\"async\" width=\"84\" height=\"78\" src=\"https:\/\/www.better-program.ca\/wp-content\/uploads\/2019\/12\/star.png\" class=\"attachment-full size-full\" alt=\"\" \/>                        <p>Le Groupe d&rsquo;\u00e9tude pr\u00e9ventif canadien sur les soins de sant\u00e9 pr\u00e9ventifs identifie le programme BETTER comme l&rsquo;une des approches les plus adapt\u00e9es pour fournir des services de soins pr\u00e9ventifs.\n\n<br><a target=\"_blank\" noreferrer=\"\" noopener=\"\" href=\"https:\/\/www.cfp.ca\/content\/63\/11\/824\">En savoir plus<\/a><\/p>\n                      <\/div>\n                  <div class=\"principle-block\">\n            <img loading=\"lazy\" decoding=\"async\" width=\"84\" height=\"78\" src=\"https:\/\/www.better-program.ca\/wp-content\/uploads\/2019\/12\/star.png\" class=\"attachment-full size-full\" alt=\"\" \/>                        <p>Ministre de la Sant\u00e9 et des Services communautaires, M. John Haggie, annonce le lancement du programme BETTER \u00e0 Terre-Neuve-et-Labrador dans le cadre de son plan d&rsquo;action contre les maladies chroniques afin de r\u00e9pondre aux principales priorit\u00e9s \u00e9nonc\u00e9es dans The Way Forward: A Vision for Sustainability and Growth in Newfoundland and Labrador.\n\n<br><a target=\"_blank\" noreferrer=\"\" noopener=\"\" href=\"https:\/\/www.releases.gov.nl.ca\/releases\/2017\/health\/0619n01.aspx\">En savoir plus<\/a><\/p>\n                      <\/div>\n                  <div class=\"principle-block\">\n            <img loading=\"lazy\" decoding=\"async\" width=\"84\" height=\"78\" src=\"https:\/\/www.better-program.ca\/wp-content\/uploads\/2019\/12\/star.png\" class=\"attachment-full size-full\" alt=\"\" \/>                        <p>Les Trousse d\u2019outils de mise en \u0153uvre du Centre de m\u00e9decine de famille (CMF), \u00e9labor\u00e9es pour les provinces canadiennes par le Coll\u00e8ge des m\u00e9decins de famille du Canada en collaboration avec chaque Coll\u00e8ge provincial des m\u00e9decins de famille, identifie le programme BETTER comme un outil de soins primaires pour aider les m\u00e9decins et leurs \u00e9quipes \u00e0 am\u00e9liorer le d\u00e9pistage des patients gr\u00e2ce \u00e0 des recommandations fond\u00e9es sur les donn\u00e9es probantes.\n\n<br><a target=\"_blank\" noreferrer=\"\" noopener=\"\" href=\"https:\/\/patientsmedicalhome.ca\/toolkit\/\">En savoir plus<\/a><\/p>\n                      <\/div>\n              <\/div>\n    <\/div>\n<script type=\"text\/javascript\">\n  var els = document.getElementsByClassName('animatedElement');\n  var elsArr = Array.from(els);\n\n  elsArr.forEach(element => {\n    var animation = bodymovin.loadAnimation({\n      container: document.getElementById(element.id),\n      path: 'https:\/\/www.better-program.ca\/wp-content\/themes\/better-v2\/data\/' + element.dataset.id + '.json',\n      renderer: 'svg',\n      loop: false,\n      autoplay: false,\n      name: element.id,\n    });\n\n    var elementHeight = element.clientHeight;\n    document.addEventListener('scroll', animate);\n\n    function inView() {\n      var windowHeight = window.innerHeight;\n      var scrollY = window.scrollY || window.pageYOffset;\n      var scrollPosition = scrollY + windowHeight;\n      var elementPosition = element.getBoundingClientRect().top + scrollY + elementHeight;\n\n      if (scrollPosition > elementPosition) {\n        return true;\n      }\n      return false;\n    }\n\n    function animate() {\n      if (inView()) {\n        animation.play();\n      }\n    }\n  });\n<\/script>\n\n\n<div id=\"media-block-block_c16e306511ba48715efc06887cbef572\" class=\"media-block block alignwide\">\n  <div class=\"media-block-content\">\n    \n    <h1>Un nouveau r\u00f4le qualifi\u00e9 &#8211; le professionnel en pr\u00e9vention BETTER\u2122 \r\n<\/h1>\n    <p>Un professionnel en pr\u00e9vention BETTER\u2122 est un professionnel de la sant\u00e9 travaillant dans le milieu des soins primaires ou un secteur directement reli\u00e9 qui poss\u00e8de des comp\u00e9tences avanc\u00e9es en mati\u00e8re de pr\u00e9vention et de d\u00e9pistage du cancer et des maladies chroniques, pouvant ainsi agir \u00e0 titre de personne-ressource pour son milieu de pratique.<\/p>\n<p>Les professionnels en pr\u00e9vention proviennent de divers milieux, notamment les soins infirmiers, la di\u00e9t\u00e9tique, la pharmaceutique et la kin\u00e9siologie. Tous les professionnels de la sant\u00e9 ayant un lien avec les soins primaires peuvent assumer ce r\u00f4le.<\/p>\n\n      <\/div>\n  <div class=\"media-block-image\">\n    <div class=\"mask\">\n      <img loading=\"lazy\" decoding=\"async\" width=\"1999\" height=\"1681\" src=\"https:\/\/www.better-program.ca\/wp-content\/uploads\/2019\/11\/home-become-pp.jpg\" class=\"attachment-full size-full\" alt=\"\" srcset=\"https:\/\/www.better-program.ca\/wp-content\/uploads\/2019\/11\/home-become-pp.jpg 1999w, https:\/\/www.better-program.ca\/wp-content\/uploads\/2019\/11\/home-become-pp-300x252.jpg 300w, https:\/\/www.better-program.ca\/wp-content\/uploads\/2019\/11\/home-become-pp-768x646.jpg 768w, https:\/\/www.better-program.ca\/wp-content\/uploads\/2019\/11\/home-become-pp-1024x861.jpg 1024w\" sizes=\"auto, (max-width: 1999px) 100vw, 1999px\" \/>    <\/div>\n    <div class=\"swoop image-bottom-left\">\n  <svg width=\"271\" height=\"232\" viewBox=\"0 0 271 232\" version=\"1.1\" xmlns=\"http:\/\/www.w3.org\/2000\/svg\" xmlns:xlink=\"http:\/\/www.w3.org\/1999\/xlink\">\n    <g stroke=\"none\" stroke-width=\"1\" fill=\"none\" fill-rule=\"evenodd\">\n      <g transform=\"translate(-381.000000, -576.000000)\" class=\"shape yellow\" fill=\"#FED292\">\n        <g transform=\"translate(156.000000, 136.000000)\">\n          <path d=\"M265.557208,487.189506 C315.60114,420.53788 381.576801,439.743631 423.090827,453.878491 C540.604638,493.890678 492.777294,576.144665 440.87301,616.455285 C385.166388,659.723102 289.489434,696.122032 244.274497,649.549258 C221.913179,626.537872 208.331629,563.393447 265.557208,487.189506\"><\/path>\n        <\/g>\n      <\/g>\n    <\/g>\n  <\/svg>\n<\/div>\n  <\/div>\n\n    <\/div>\n\n\n<div id=\"quote-slider-block_82870e8a4c5b119c38daa4740ca50895\" class=\"block quote-slider alignwide aligncenter\">\n        <div class=\"quote-mark\"><\/div>\n\t\t<div class=\"slides\">\n\t\t\t\t\t\t\t<div>\n          <h5>\u00ab Ce programme devrait faire partie int\u00e9grante des soins de sant\u00e9. Les soins de sant\u00e9 pr\u00e9ventifs constituent la premi\u00e8re ligne de d\u00e9fense pour identifier les sympt\u00f4mes avant qu\u2019ils ne s\u2019aggravent. Si j&rsquo;avais consult\u00e9 un [professionnel en pr\u00e9vention], je ne souffrirais certainement pas de cette maladie chronique aujourd\u2019hui.[Prevention Practitioner] Elle aurait d\u00e9tect\u00e9 les probl\u00e8mes avant qu\u2019ils ne deviennent trop graves. \u00bb<\/h5>\n          <h5 class=\"name red\">Patient, Terre-Neuve-et-Labrador<\/h5>\n\t\t\t\t<\/div>\n\t\t\t\t\t\t\t<div>\n          <h5>\u00ab La pr\u00e9vention constitue la solution id\u00e9ale. Il est possible de r\u00e9duire les besoins en soins secondaires et tertiaires par la pr\u00e9vention, notamment pour le diab\u00e8te et les maladies cardiovasculaires. Si nous parvenions \u00e0 pr\u00e9venir de telles maladies d\u00e8s le d\u00e9part, alors nous n&rsquo;aurions pas besoin d\u2019avoir des cliniques pour les personnes aux prises avec des complications associ\u00e9es au diab\u00e8te ou aux maladies cardiovasculaires. Lorsqu\u2019on s\u2019attaque \u00e0 la cause du probl\u00e8me, ce sont non seulement les patients qui en b\u00e9n\u00e9ficient, mais le syst\u00e8me de sant\u00e9 en g\u00e9n\u00e9ral. \u00bb<\/h5>\n          <h5 class=\"name red\">Gestionnaire de soins primaires, Terre-Neuve-et-Labrador<\/h5>\n\t\t\t\t<\/div>\n\t\t\t\t\t\t\t<div>\n          <h5>\u00ab Ce programme devrait \u00eatre plus facilement accessible sur une base plus r\u00e9guli\u00e8re, mais s\u2019il est\nimpossible pour les m\u00e9decins d\u2019appliquer int\u00e9gralement ces m\u00e9thodes, il devrait y avoir un meilleur effort d&rsquo;\u00e9quipe entre le m\u00e9decin et les prestataires de soins de sant\u00e9&#8230; Ces m\u00e9thodes devraient \u00eatre mises en \u0153uvre dans le milieu m\u00e9dical car elles permettraient, selon moi, de promouvoir une soci\u00e9t\u00e9 en meilleure sant\u00e9. \u00bb<\/h5>\n          <h5 class=\"name red\">Patient, Terre-Neuve-et-Labrador<\/h5>\n\t\t\t\t<\/div>\n\t\t\t    <\/div>\n\t<\/div>\n","protected":false},"excerpt":{"rendered":"<p>Qu&rsquo;est-ce que le Programme BETTER\u2122? D\u00e9velopp\u00e9 par des prestataires de soins primaires pour les milieux de soins primaires, le Programme BETTER est centr\u00e9 sur la pr\u00e9vention et le d\u00e9pistage du cancer, du diab\u00e8te, des maladies cardiovasculaires et des facteurs li\u00e9s au mode de vie qui y sont associ\u00e9s (nutrition, exercice physique, tabagisme et alcool). Un [&hellip;]<\/p>\n","protected":false},"author":1,"featured_media":0,"parent":0,"menu_order":0,"comment_status":"closed","ping_status":"closed","template":"home.php","meta":{"footnotes":""},"class_list":["post-1161","page","type-page","status-publish","hentry"],"acf":[],"yoast_head":"<!-- This site is optimized with the Yoast SEO plugin v27.4 - https:\/\/yoast.com\/product\/yoast-seo-wordpress\/ -->\n<title>Accueil - The Better Program<\/title>\n<meta name=\"robots\" content=\"index, follow, max-snippet:-1, max-image-preview:large, max-video-preview:-1\" \/>\n<link rel=\"canonical\" href=\"https:\/\/www.better-program.ca\/fr\/\" \/>\n<meta property=\"og:locale\" content=\"fr_FR\" \/>\n<meta property=\"og:type\" content=\"article\" \/>\n<meta property=\"og:title\" content=\"Accueil - The Better Program\" \/>\n<meta property=\"og:description\" content=\"Qu&rsquo;est-ce que le Programme BETTER\u2122? D\u00e9velopp\u00e9 par des prestataires de soins primaires pour les milieux de soins primaires, le Programme BETTER est centr\u00e9 sur la pr\u00e9vention et le d\u00e9pistage du cancer, du diab\u00e8te, des maladies cardiovasculaires et des facteurs li\u00e9s au mode de vie qui y sont associ\u00e9s (nutrition, exercice physique, tabagisme et alcool). Un [&hellip;]\" \/>\n<meta property=\"og:url\" content=\"https:\/\/www.better-program.ca\/fr\/\" \/>\n<meta property=\"og:site_name\" content=\"The Better Program\" \/>\n<meta property=\"article:modified_time\" content=\"2025-04-24T16:26:57+00:00\" \/>\n<meta property=\"og:image\" content=\"https:\/\/www.better-program.ca\/wp-content\/uploads\/2020\/04\/home-header-1.jpg\" \/>\n\t<meta property=\"og:image:width\" content=\"1200\" \/>\n\t<meta property=\"og:image:height\" content=\"800\" \/>\n\t<meta property=\"og:image:type\" content=\"image\/jpeg\" \/>\n<meta name=\"twitter:card\" content=\"summary_large_image\" \/>\n<meta name=\"twitter:label1\" content=\"Dur\u00e9e de lecture estim\u00e9e\" \/>\n\t<meta name=\"twitter:data1\" content=\"1 minute\" \/>\n<script type=\"application\/ld+json\" class=\"yoast-schema-graph\">{\"@context\":\"https:\\\/\\\/schema.org\",\"@graph\":[{\"@type\":\"WebPage\",\"@id\":\"https:\\\/\\\/www.better-program.ca\\\/fr\\\/\",\"url\":\"https:\\\/\\\/www.better-program.ca\\\/fr\\\/\",\"name\":\"Accueil - The Better Program\",\"isPartOf\":{\"@id\":\"https:\\\/\\\/www.better-program.ca\\\/#website\"},\"datePublished\":\"2019-12-19T18:10:44+00:00\",\"dateModified\":\"2025-04-24T16:26:57+00:00\",\"breadcrumb\":{\"@id\":\"https:\\\/\\\/www.better-program.ca\\\/fr\\\/#breadcrumb\"},\"inLanguage\":\"fr-FR\",\"potentialAction\":[{\"@type\":\"ReadAction\",\"target\":[\"https:\\\/\\\/www.better-program.ca\\\/fr\\\/\"]}]},{\"@type\":\"BreadcrumbList\",\"@id\":\"https:\\\/\\\/www.better-program.ca\\\/fr\\\/#breadcrumb\",\"itemListElement\":[{\"@type\":\"ListItem\",\"position\":1,\"name\":\"Home\",\"item\":\"https:\\\/\\\/www.better-program.ca\\\/fr\\\/\"},{\"@type\":\"ListItem\",\"position\":2,\"name\":\"Accueil\"}]},{\"@type\":\"WebSite\",\"@id\":\"https:\\\/\\\/www.better-program.ca\\\/#website\",\"url\":\"https:\\\/\\\/www.better-program.ca\\\/\",\"name\":\"The Better Program\",\"description\":\"Improving Chronic Disease Prevention and Screening Across Canada\",\"publisher\":{\"@id\":\"https:\\\/\\\/www.better-program.ca\\\/#organization\"},\"potentialAction\":[{\"@type\":\"SearchAction\",\"target\":{\"@type\":\"EntryPoint\",\"urlTemplate\":\"https:\\\/\\\/www.better-program.ca\\\/?s={search_term_string}\"},\"query-input\":{\"@type\":\"PropertyValueSpecification\",\"valueRequired\":true,\"valueName\":\"search_term_string\"}}],\"inLanguage\":\"fr-FR\"},{\"@type\":\"Organization\",\"@id\":\"https:\\\/\\\/www.better-program.ca\\\/#organization\",\"name\":\"The BETTER Program\",\"url\":\"https:\\\/\\\/www.better-program.ca\\\/\",\"logo\":{\"@type\":\"ImageObject\",\"inLanguage\":\"fr-FR\",\"@id\":\"https:\\\/\\\/www.better-program.ca\\\/#\\\/schema\\\/logo\\\/image\\\/\",\"url\":\"https:\\\/\\\/better-program.ca\\\/wp-content\\\/uploads\\\/2019\\\/12\\\/better-logo.png\",\"contentUrl\":\"https:\\\/\\\/better-program.ca\\\/wp-content\\\/uploads\\\/2019\\\/12\\\/better-logo.png\",\"width\":432,\"height\":144,\"caption\":\"The BETTER Program\"},\"image\":{\"@id\":\"https:\\\/\\\/www.better-program.ca\\\/#\\\/schema\\\/logo\\\/image\\\/\"}}]}<\/script>\n<!-- \/ Yoast SEO plugin. -->","yoast_head_json":{"title":"Accueil - The Better Program","robots":{"index":"index","follow":"follow","max-snippet":"max-snippet:-1","max-image-preview":"max-image-preview:large","max-video-preview":"max-video-preview:-1"},"canonical":"https:\/\/www.better-program.ca\/fr\/","og_locale":"fr_FR","og_type":"article","og_title":"Accueil - The Better Program","og_description":"Qu&rsquo;est-ce que le Programme BETTER\u2122? D\u00e9velopp\u00e9 par des prestataires de soins primaires pour les milieux de soins primaires, le Programme BETTER est centr\u00e9 sur la pr\u00e9vention et le d\u00e9pistage du cancer, du diab\u00e8te, des maladies cardiovasculaires et des facteurs li\u00e9s au mode de vie qui y sont associ\u00e9s (nutrition, exercice physique, tabagisme et alcool). Un [&hellip;]","og_url":"https:\/\/www.better-program.ca\/fr\/","og_site_name":"The Better Program","article_modified_time":"2025-04-24T16:26:57+00:00","og_image":[{"width":1200,"height":800,"url":"https:\/\/www.better-program.ca\/wp-content\/uploads\/2020\/04\/home-header-1.jpg","type":"image\/jpeg"}],"twitter_card":"summary_large_image","twitter_misc":{"Dur\u00e9e de lecture estim\u00e9e":"1 minute"},"schema":{"@context":"https:\/\/schema.org","@graph":[{"@type":"WebPage","@id":"https:\/\/www.better-program.ca\/fr\/","url":"https:\/\/www.better-program.ca\/fr\/","name":"Accueil - The Better Program","isPartOf":{"@id":"https:\/\/www.better-program.ca\/#website"},"datePublished":"2019-12-19T18:10:44+00:00","dateModified":"2025-04-24T16:26:57+00:00","breadcrumb":{"@id":"https:\/\/www.better-program.ca\/fr\/#breadcrumb"},"inLanguage":"fr-FR","potentialAction":[{"@type":"ReadAction","target":["https:\/\/www.better-program.ca\/fr\/"]}]},{"@type":"BreadcrumbList","@id":"https:\/\/www.better-program.ca\/fr\/#breadcrumb","itemListElement":[{"@type":"ListItem","position":1,"name":"Home","item":"https:\/\/www.better-program.ca\/fr\/"},{"@type":"ListItem","position":2,"name":"Accueil"}]},{"@type":"WebSite","@id":"https:\/\/www.better-program.ca\/#website","url":"https:\/\/www.better-program.ca\/","name":"The Better Program","description":"Improving Chronic Disease Prevention and Screening Across Canada","publisher":{"@id":"https:\/\/www.better-program.ca\/#organization"},"potentialAction":[{"@type":"SearchAction","target":{"@type":"EntryPoint","urlTemplate":"https:\/\/www.better-program.ca\/?s={search_term_string}"},"query-input":{"@type":"PropertyValueSpecification","valueRequired":true,"valueName":"search_term_string"}}],"inLanguage":"fr-FR"},{"@type":"Organization","@id":"https:\/\/www.better-program.ca\/#organization","name":"The BETTER Program","url":"https:\/\/www.better-program.ca\/","logo":{"@type":"ImageObject","inLanguage":"fr-FR","@id":"https:\/\/www.better-program.ca\/#\/schema\/logo\/image\/","url":"https:\/\/better-program.ca\/wp-content\/uploads\/2019\/12\/better-logo.png","contentUrl":"https:\/\/better-program.ca\/wp-content\/uploads\/2019\/12\/better-logo.png","width":432,"height":144,"caption":"The BETTER Program"},"image":{"@id":"https:\/\/www.better-program.ca\/#\/schema\/logo\/image\/"}}]}},"_links":{"self":[{"href":"https:\/\/www.better-program.ca\/fr\/wp-json\/wp\/v2\/pages\/1161","targetHints":{"allow":["GET"]}}],"collection":[{"href":"https:\/\/www.better-program.ca\/fr\/wp-json\/wp\/v2\/pages"}],"about":[{"href":"https:\/\/www.better-program.ca\/fr\/wp-json\/wp\/v2\/types\/page"}],"author":[{"embeddable":true,"href":"https:\/\/www.better-program.ca\/fr\/wp-json\/wp\/v2\/users\/1"}],"replies":[{"embeddable":true,"href":"https:\/\/www.better-program.ca\/fr\/wp-json\/wp\/v2\/comments?post=1161"}],"version-history":[{"count":29,"href":"https:\/\/www.better-program.ca\/fr\/wp-json\/wp\/v2\/pages\/1161\/revisions"}],"predecessor-version":[{"id":4813,"href":"https:\/\/www.better-program.ca\/fr\/wp-json\/wp\/v2\/pages\/1161\/revisions\/4813"}],"wp:attachment":[{"href":"https:\/\/www.better-program.ca\/fr\/wp-json\/wp\/v2\/media?parent=1161"}],"curies":[{"name":"wp","href":"https:\/\/api.w.org\/{rel}","templated":true}]}}